{"id":84,"date":"2021-07-08T16:50:52","date_gmt":"2021-07-08T16:50:52","guid":{"rendered":"https:\/\/analiticamkt.com\/?page_id=84"},"modified":"2023-09-25T18:08:41","modified_gmt":"2023-09-26T00:08:41","slug":"quienes","status":"publish","type":"page","link":"https:\/\/analiticamkt.com\/en\/quienes\/","title":{"rendered":"Who we are?"},"content":{"rendered":"<div id=\"pl-84\"  class=\"panel-layout\" ><div id=\"pg-84-0\"  class=\"panel-grid panel-has-style\" ><div class=\"panel-row-style panel-row-style-for-84-0\" ><div id=\"pgc-84-0-0\"  class=\"panel-grid-cell\" ><div id=\"panel-84-0-0-0\" class=\"so-panel widget widget_text panel-first-child panel-last-child\" data-index=\"0\" ><div class=\"panel-widget-style panel-widget-style-for-84-0-0-0\" >\t\t\t<div class=\"textwidget\"><h3>EXPERIENCE<\/h3>\n<ul>\n<li>Two decades satisfying the research needs of our local and international clients<\/li>\n<li>Broad repertoire of techniques and methodologies customized to the particular objectives of the client.<\/li>\n<li>In-house integration of customer service, operations and fieldwork, resulting in greater control and better results.<\/li>\n<\/ul>\n<\/div>\n\t\t<\/div><\/div><\/div><div id=\"pgc-84-0-1\"  class=\"panel-grid-cell\" ><div id=\"panel-84-0-1-0\" class=\"so-panel widget widget_media_image panel-first-child panel-last-child\" data-index=\"1\" ><img loading=\"lazy\" decoding=\"async\" width=\"1160\" height=\"773\" src=\"https:\/\/analiticamkt.com\/wp-content\/uploads\/2021\/07\/quienes-somos-2-u4299-fr.png\" class=\"image wp-image-167  attachment-full size-full\" alt=\"\" style=\"max-width: 100%; height: auto;\" srcset=\"https:\/\/analiticamkt.com\/wp-content\/uploads\/2021\/07\/quienes-somos-2-u4299-fr.png 1160w, https:\/\/analiticamkt.com\/wp-content\/uploads\/2021\/07\/quienes-somos-2-u4299-fr-300x200.png 300w, https:\/\/analiticamkt.com\/wp-content\/uploads\/2021\/07\/quienes-somos-2-u4299-fr-1024x682.png 1024w, https:\/\/analiticamkt.com\/wp-content\/uploads\/2021\/07\/quienes-somos-2-u4299-fr-768x512.png 768w, https:\/\/analiticamkt.com\/wp-content\/uploads\/2021\/07\/quienes-somos-2-u4299-fr-90x60.png 90w\" sizes=\"auto, (max-width: 1160px) 100vw, 1160px\" \/><\/div><\/div><\/div><\/div><div id=\"pg-84-1\"  class=\"panel-grid panel-has-style\" ><div class=\"panel-row-style panel-row-style-for-84-1\" ><div id=\"pgc-84-1-0\"  class=\"panel-grid-cell\" ><div id=\"panel-84-1-0-0\" class=\"so-panel widget widget_media_image panel-first-child panel-last-child\" data-index=\"2\" ><img loading=\"lazy\" decoding=\"async\" width=\"587\" height=\"391\" src=\"https:\/\/analiticamkt.com\/wp-content\/uploads\/2021\/07\/2-quienes-somos-u8264-fr.png\" class=\"image wp-image-91  attachment-full size-full\" alt=\"\" style=\"max-width: 100%; height: auto;\" srcset=\"https:\/\/analiticamkt.com\/wp-content\/uploads\/2021\/07\/2-quienes-somos-u8264-fr.png 587w, https:\/\/analiticamkt.com\/wp-content\/uploads\/2021\/07\/2-quienes-somos-u8264-fr-300x200.png 300w, https:\/\/analiticamkt.com\/wp-content\/uploads\/2021\/07\/2-quienes-somos-u8264-fr-90x60.png 90w\" sizes=\"auto, (max-width: 587px) 100vw, 587px\" \/><\/div><\/div><div id=\"pgc-84-1-1\"  class=\"panel-grid-cell\" ><div id=\"panel-84-1-1-0\" class=\"so-panel widget widget_text panel-first-child panel-last-child\" data-index=\"3\" ><div class=\"panel-widget-style panel-widget-style-for-84-1-1-0\" ><h3 class=\"widget-title\">COVERAGE<\/h3>\t\t\t<div class=\"textwidget\"><ul>\n<li>Local and International studies<\/li>\n<li>FOUR company-owned central location sites.<\/li>\n<li>THREE spacious focus group rooms with state-of-the-art equipment and technology.<\/li>\n<li>Installed capacity for quantitative and \/or qualitative studies at national and regional level (Central and South America)<\/li>\n<\/ul>\n<\/div>\n\t\t<\/div><\/div><\/div><\/div><\/div><div id=\"pg-84-2\"  class=\"panel-grid panel-has-style\" ><div class=\"panel-row-style panel-row-style-for-84-2\" ><div id=\"pgc-84-2-0\"  class=\"panel-grid-cell\" ><div id=\"panel-84-2-0-0\" class=\"so-panel widget widget_text panel-first-child panel-last-child\" data-index=\"4\" ><div class=\"panel-widget-style panel-widget-style-for-84-2-0-0\" >\t\t\t<div class=\"textwidget\"><h3>CAPACITY<\/h3>\n<p>\u201cFull Service\u201d company with the infrastructure, organization, logistic systems and trained staff required to carry out quantitative, qualitative, and online studies of any size and complexity.<\/p>\n<\/div>\n\t\t<\/div><\/div><\/div><div id=\"pgc-84-2-1\"  class=\"panel-grid-cell\" ><div id=\"panel-84-2-1-0\" class=\"so-panel widget widget_media_gallery panel-first-child panel-last-child\" data-index=\"5\" ><div id='gallery-1' class='gallery galleryid-84 gallery-columns-3 gallery-size-thumbnail'><figure class='gallery-item'>\n\t\t\t<div class='gallery-icon portrait'>\n\t\t\t\t<img loading=\"lazy\" decoding=\"async\" width=\"150\" height=\"150\" src=\"https:\/\/analiticamkt.com\/wp-content\/uploads\/2021\/07\/img_8322-crop-u7216-150x150.jpg\" class=\"attachment-thumbnail size-thumbnail\" alt=\"\" srcset=\"https:\/\/analiticamkt.com\/wp-content\/uploads\/2021\/07\/img_8322-crop-u7216-150x150.jpg 150w, https:\/\/analiticamkt.com\/wp-content\/uploads\/2021\/07\/img_8322-crop-u7216-300x300.jpg 300w\" sizes=\"auto, (max-width: 150px) 100vw, 150px\" \/>\n\t\t\t<\/div><\/figure><figure class='gallery-item'>\n\t\t\t<div class='gallery-icon landscape'>\n\t\t\t\t<img loading=\"lazy\" decoding=\"async\" width=\"150\" height=\"150\" src=\"https:\/\/analiticamkt.com\/wp-content\/uploads\/2021\/08\/CDTG0275-1-e1628793241231-150x150.jpg\" class=\"attachment-thumbnail size-thumbnail\" alt=\"\" srcset=\"https:\/\/analiticamkt.com\/wp-content\/uploads\/2021\/08\/CDTG0275-1-e1628793241231-150x150.jpg 150w, https:\/\/analiticamkt.com\/wp-content\/uploads\/2021\/08\/CDTG0275-1-e1628793241231-300x300.jpg 300w, https:\/\/analiticamkt.com\/wp-content\/uploads\/2021\/08\/CDTG0275-1-e1628793241231-400x400.jpg 400w, https:\/\/analiticamkt.com\/wp-content\/uploads\/2021\/08\/CDTG0275-1-e1628793241231-360x360.jpg 360w\" sizes=\"auto, (max-width: 150px) 100vw, 150px\" \/>\n\t\t\t<\/div><\/figure><figure class='gallery-item'>\n\t\t\t<div class='gallery-icon landscape'>\n\t\t\t\t<img loading=\"lazy\" decoding=\"async\" width=\"150\" height=\"150\" src=\"https:\/\/analiticamkt.com\/wp-content\/uploads\/2021\/08\/IMG_5115-min-scaled-e1628795003248-150x150.jpg\" class=\"attachment-thumbnail size-thumbnail\" alt=\"\" srcset=\"https:\/\/analiticamkt.com\/wp-content\/uploads\/2021\/08\/IMG_5115-min-scaled-e1628795003248-150x150.jpg 150w, https:\/\/analiticamkt.com\/wp-content\/uploads\/2021\/08\/IMG_5115-min-scaled-e1628795003248-300x300.jpg 300w, https:\/\/analiticamkt.com\/wp-content\/uploads\/2021\/08\/IMG_5115-min-scaled-e1628795003248-400x400.jpg 400w, https:\/\/analiticamkt.com\/wp-content\/uploads\/2021\/08\/IMG_5115-min-scaled-e1628795003248-360x360.jpg 360w\" sizes=\"auto, (max-width: 150px) 100vw, 150px\" \/>\n\t\t\t<\/div><\/figure>\n\t\t<\/div>\n<\/div><\/div><\/div><\/div><div id=\"pg-84-3\"  class=\"panel-grid panel-has-style\" ><div class=\"panel-row-style panel-row-style-for-84-3\" ><div id=\"pgc-84-3-0\"  class=\"panel-grid-cell\" ><div id=\"panel-84-3-0-0\" class=\"so-panel widget widget_text panel-first-child panel-last-child\" data-index=\"6\" ><div class=\"panel-widget-style panel-widget-style-for-84-3-0-0\" ><h3 class=\"widget-title\">EXPERTISE<\/h3>\t\t\t<div class=\"textwidget\"><p>Broad portfolio of proprietary and standardized models and methodologies with a global reach.<\/p>\n<\/div>\n\t\t<\/div><\/div><\/div><div id=\"pgc-84-3-1\"  class=\"panel-grid-cell\" ><div id=\"panel-84-3-1-0\" class=\"so-panel widget widget_media_gallery panel-first-child panel-last-child\" data-index=\"7\" ><div id='gallery-2' class='gallery galleryid-84 gallery-columns-3 gallery-size-thumbnail'><figure class='gallery-item'>\n\t\t\t<div class='gallery-icon portrait'>\n\t\t\t\t<img loading=\"lazy\" decoding=\"async\" width=\"150\" height=\"150\" src=\"https:\/\/analiticamkt.com\/wp-content\/uploads\/2021\/07\/cae-foto-150x150.png\" class=\"attachment-thumbnail size-thumbnail\" alt=\"\" srcset=\"https:\/\/analiticamkt.com\/wp-content\/uploads\/2021\/07\/cae-foto-150x150.png 150w, https:\/\/analiticamkt.com\/wp-content\/uploads\/2021\/07\/cae-foto-298x300.png 298w, https:\/\/analiticamkt.com\/wp-content\/uploads\/2021\/07\/cae-foto-300x300.png 300w, https:\/\/analiticamkt.com\/wp-content\/uploads\/2021\/07\/cae-foto-400x400.png 400w, https:\/\/analiticamkt.com\/wp-content\/uploads\/2021\/07\/cae-foto-360x360.png 360w, https:\/\/analiticamkt.com\/wp-content\/uploads\/2021\/07\/cae-foto.png 486w\" sizes=\"auto, (max-width: 150px) 100vw, 150px\" \/>\n\t\t\t<\/div><\/figure><figure class='gallery-item'>\n\t\t\t<div class='gallery-icon landscape'>\n\t\t\t\t<img loading=\"lazy\" decoding=\"async\" width=\"150\" height=\"150\" src=\"https:\/\/analiticamkt.com\/wp-content\/uploads\/2021\/06\/img_5861-150x150.jpg\" class=\"attachment-thumbnail size-thumbnail\" alt=\"\" \/>\n\t\t\t<\/div><\/figure><figure class='gallery-item'>\n\t\t\t<div class='gallery-icon landscape'>\n\t\t\t\t<img loading=\"lazy\" decoding=\"async\" width=\"150\" height=\"150\" src=\"https:\/\/analiticamkt.com\/wp-content\/uploads\/2021\/08\/IMG_5141-min-150x150.jpg\" class=\"attachment-thumbnail size-thumbnail\" alt=\"\" srcset=\"https:\/\/analiticamkt.com\/wp-content\/uploads\/2021\/08\/IMG_5141-min-150x150.jpg 150w, https:\/\/analiticamkt.com\/wp-content\/uploads\/2021\/08\/IMG_5141-min-300x300.jpg 300w, https:\/\/analiticamkt.com\/wp-content\/uploads\/2021\/08\/IMG_5141-min-400x400.jpg 400w, https:\/\/analiticamkt.com\/wp-content\/uploads\/2021\/08\/IMG_5141-min-360x360.jpg 360w\" sizes=\"auto, (max-width: 150px) 100vw, 150px\" \/>\n\t\t\t<\/div><\/figure>\n\t\t<\/div>\n<\/div><\/div><\/div><\/div><div id=\"pg-84-4\"  class=\"panel-grid panel-has-style\" ><div class=\"panel-row-style panel-row-style-for-84-4\" ><div id=\"pgc-84-4-0\"  class=\"panel-grid-cell\" ><div id=\"panel-84-4-0-0\" class=\"so-panel widget widget_text panel-first-child panel-last-child\" data-index=\"8\" ><div class=\"panel-widget-style panel-widget-style-for-84-4-0-0\" ><h3 class=\"widget-title\">MEMBERSHIPS<\/h3>\t\t\t<div class=\"textwidget\"><p><strong>ESOMAR (Corporate Member)<\/strong><\/p>\n<p><strong>AMA (American Marketing Association).<\/strong><\/p>\n<p><strong>AMA (Mexico Chapter)<\/strong><\/p>\n<\/div>\n\t\t<\/div><\/div><\/div><\/div><\/div><\/div>","protected":false},"excerpt":{"rendered":"<p>EXPERIENCIA Dos d\u00e9cadas de satisfacer las necesidades de investigaci\u00f3n de nuestros clientes nacionales e internacionales. Amplio repertorio de t\u00e9cnicas y metodolog\u00edas adaptables a los objetivos particulares del cliente. Integraci\u00f3n In-house de atenci\u00f3n a clientes, operaciones y trabajo de campo, logr\u00e1ndose mayores controles y mejores resultados. Estudios Nacionales e Internacionales. CUATRO centros de afluencia propios. TRES<\/p>\n<a href=\"https:\/\/analiticamkt.com\/en\/quienes\/\" class=\"btn frontech-btn\"><span><\/span>Read More<\/a>","protected":false},"author":1,"featured_media":0,"parent":0,"menu_order":0,"comment_status":"closed","ping_status":"closed","template":"page-fullwidth.php","meta":{"ngg_post_thumbnail":0,"footnotes":""},"class_list":["post-84","page","type-page","status-publish","hentry"],"_links":{"self":[{"href":"https:\/\/analiticamkt.com\/en\/wp-json\/wp\/v2\/pages\/84","targetHints":{"allow":["GET"]}}],"collection":[{"href":"https:\/\/analiticamkt.com\/en\/wp-json\/wp\/v2\/pages"}],"about":[{"href":"https:\/\/analiticamkt.com\/en\/wp-json\/wp\/v2\/types\/page"}],"author":[{"embeddable":true,"href":"https:\/\/analiticamkt.com\/en\/wp-json\/wp\/v2\/users\/1"}],"replies":[{"embeddable":true,"href":"https:\/\/analiticamkt.com\/en\/wp-json\/wp\/v2\/comments?post=84"}],"version-history":[{"count":91,"href":"https:\/\/analiticamkt.com\/en\/wp-json\/wp\/v2\/pages\/84\/revisions"}],"predecessor-version":[{"id":793,"href":"https:\/\/analiticamkt.com\/en\/wp-json\/wp\/v2\/pages\/84\/revisions\/793"}],"wp:attachment":[{"href":"https:\/\/analiticamkt.com\/en\/wp-json\/wp\/v2\/media?parent=84"}],"curies":[{"name":"wp","href":"https:\/\/api.w.org\/{rel}","templated":true}]}}