{"id":67,"date":"2021-06-26T00:04:01","date_gmt":"2021-06-26T00:04:01","guid":{"rendered":"https:\/\/analiticamkt.com\/?page_id=67"},"modified":"2021-08-10T17:34:35","modified_gmt":"2021-08-10T17:34:35","slug":"67-2","status":"publish","type":"page","link":"https:\/\/analiticamkt.com\/en\/","title":{"rendered":""},"content":{"rendered":"<div id=\"pl-67\"  class=\"panel-layout\" ><div id=\"pg-67-0\"  class=\"panel-grid panel-no-style\" ><div id=\"pgc-67-0-0\"  class=\"panel-grid-cell\" ><div id=\"panel-67-0-0-0\" class=\"so-panel widget widget_text panel-first-child panel-last-child\" data-index=\"0\" >\t\t\t<div class=\"textwidget\"><div class='white' style='background:rgba(0, 0, 0, 0); border:solid 0px rgba(0,0,0,0); border-radius:0px; padding:0px 0px 0px 0px;'>\n<div id='slider_489' class='owl-carousel sa_owl_theme owl-pagination-true autohide-arrows' data-slider-id='slider_489' style='visibility:hidden;'>\n<div id='slider_489_slide01' class='sa_hover_container sa_vert_center_wrap' style='padding:5% 5%; margin:0px 4%; background-image:url(&quot;https:\/\/analiticamkt.com\/wp-content\/uploads\/2021\/06\/slideanalitica1-605x377.jpg&quot;); background-position:left top; background-size:auto 100%; background-repeat:no-repeat; '>\n<div class='sa_vert_center'>\n<h2 style=\"text-align: left;\"><strong>\u00bfPor qu\u00e9 Anal\u00edtica?<\/strong><\/h2>\n<p>&nbsp;Dos d\u00e9cadas de servicio en los mercados <br \/>mexicanos y latinoamericanos.<\/p>\n<p>Excelencia en metodolog\u00edas, procedimientos <br \/>y obtenci\u00f3n de informaci\u00f3n confiable.<\/p>\n<p>CAPACIDAD \/ Infraestructura propia <br \/>para todo tipo de estudio.<\/p>\n<p>Resultados puntuales y accionables.<\/p>\n<\/div>\n<\/div>\n<div id='slider_489_slide02' class='sa_hover_container sa_vert_center_wrap' style='padding:5% 5%; margin:0px 4%; background-image:url(&quot;https:\/\/analiticamkt.com\/wp-content\/uploads\/2021\/06\/slideanalitica2-605x377.jpg&quot;); background-position:left top; background-size:auto 100%; background-repeat:no-repeat; '>\n<div class='sa_vert_center'>\n<h2><strong>Porque Anal\u00edtica?<\/strong><\/h2>\n<p>Presente ha quase duas d\u00e9cadas nos mercados <br \/>Mexicano e Latino americano.<\/p>\n<p>Excel\u00eancia em metodologias, procedimentos<br \/>e em coleta de informa\u00e7\u00f5es confi\u00e1veis (e valiosas).&nbsp;<\/p>\n<p>Empresa com uma infraestrutura que <br \/>permite a realiza\u00e7\u00e3o de todos os tipos de projetos de pesquisa.<\/p>\n<p>Resultados de pesquisa acion\u00e1veis, <br \/>confi\u00e1veis e dentro do prazo.<\/p>\n<\/div>\n<\/div>\n<div id='slider_489_slide03' class='sa_hover_container sa_vert_center_wrap' style='padding:5% 5%; margin:0px 4%; background-image:url(&quot;https:\/\/analiticamkt.com\/wp-content\/uploads\/2021\/06\/4-605x377.jpg&quot;); background-position:left top; background-size:auto 100%; background-repeat:no-repeat; '>\n<div class='sa_vert_center'>\n<h2><strong>Why Anal\u00edtica?<\/strong><\/h2>\n<p>Two decades of service in the <br \/>Mexicana n Latin-American markets.<\/p>\n<p>Excellence in Methodologies, procedures <br \/>and gathering of reliable (valuable) information.<\/p>\n<p>Company owned infrastructure capable of <br \/>conducting all kinds of research projects.<\/p>\n<p>In time,. Reliable and actionable research findings.<\/p>\n<\/div>\n<\/div>\n<div id='slider_489_slide04' class='sa_hover_container sa_vert_center_wrap' style='padding:5% 5%; margin:0px 4%; background-image:url(&quot;https:\/\/analiticamkt.com\/wp-content\/uploads\/2021\/06\/3-e1628814319306-605x377.jpg&quot;); background-position:left top; background-size:auto 100%; background-repeat:no-repeat; '>\n<div class='sa_vert_center'>\n<h2><strong>Pourquoi Anal\u00edtica?<\/strong><\/h2>\n<p>Pr\u00e8s de 20 ans d\u2019exp\u00e9rience sur les march\u00e9s mexicains et latino-am\u00e9ricains.<\/p>\n<p>Excellence en m\u00e9thodologies, proc\u00e9dures et collecte d\u2019information fiable<\/p>\n<p>L\u2019entreprise poss\u00e8de sa propre infrastructure, qui lui permet de mener \u00e0 bien tout type de projets d\u2019\u00e9tudes.<\/p>\n<p>R\u00e9sultats fiables, en temps et heure, assortis de recommandations pour l\u2019action.<\/p>\n<\/div>\n<\/div>\n<\/div>\n<\/div>\n<p><script type='text\/javascript'>\n\tjQuery(document).ready(function() {\n\t\tjQuery('#slider_489').owlCarousel({\n\t\t\tresponsive:{\n\t\t\t\t0:{ items:1 },\n\t\t\t\t480:{ items:1 },\n\t\t\t\t768:{ items:1 },\n\t\t\t\t980:{ items:2 },\n\t\t\t\t1200:{ items:2 },\n\t\t\t\t1500:{ items:2 }\n\t\t\t},\n\t\t\tautoplay : true,\n\t\t\tautoplayTimeout : 1500,\n\t\t\tautoplayHoverPause : true,\n\t\t\tsmartSpeed : 200,\n\t\t\tfluidSpeed : 200,\n\t\t\tautoplaySpeed : 200,\n\t\t\tnavSpeed : 200,\n\t\t\tdotsSpeed : 200,\n\t\t\tloop : true,\n\t\t\tnav : true,\n\t\t\tnavText : ['Previous','Next'],\n\t\t\tdots : true,\n\t\t\tresponsiveRefreshRate : 200,\n\t\t\tslideBy : 1,\n\t\t\tmergeFit : true,\n\t\t\tautoHeight : false,\n\t\t\tmouseDrag : false,\n\t\t\ttouchDrag : true\n\t\t});\n\t\tjQuery('#slider_489').css('visibility', 'visible');\n\t\tsa_resize_slider_489();\n\t\twindow.addEventListener('resize', sa_resize_slider_489);\n\t\tfunction sa_resize_slider_489() {\n\t\t\tvar min_height = '100';\n\t\t\tvar win_width = jQuery(window).width();\n\t\t\tvar slider_width = jQuery('#slider_489').width();\n\t\t\tif (win_width < 480) {\n\t\t\t\tvar slide_width = slider_width \/ 1;\n\t\t\t} else if (win_width < 768) {\n\t\t\t\tvar slide_width = slider_width \/ 1;\n\t\t\t} else if (win_width < 980) {\n\t\t\t\tvar slide_width = slider_width \/ 1;\n\t\t\t} else if (win_width < 1200) {\n\t\t\t\tvar slide_width = slider_width \/ 2;\n\t\t\t} else if (win_width < 1500) {\n\t\t\t\tvar slide_width = slider_width \/ 2;\n\t\t\t} else {\n\t\t\t\tvar slide_width = slider_width \/ 2;\n\t\t\t}\n\t\t\tslide_width = Math.round(slide_width);\n\t\t\tvar slide_height = '0';\n\t\t\tif (min_height == 'aspect43') {\n\t\t\t\tslide_height = (slide_width \/ 4) * 3;\t\t\t\tslide_height = Math.round(slide_height);\n\t\t\t} else if (min_height == 'aspect169') {\n\t\t\t\tslide_height = (slide_width \/ 16) * 9;\t\t\t\tslide_height = Math.round(slide_height);\n\t\t\t} else {\n\t\t\t\tslide_height = (slide_width \/ 100) * min_height;\t\t\t\tslide_height = Math.round(slide_height);\n\t\t\t}\n\t\t\tjQuery('#slider_489 .owl-item .sa_hover_container').css('min-height', slide_height+'px');\n\t\t}\n\t\tvar owl_goto = jQuery('#slider_489');\n\t\tjQuery('.slider_489_goto1').click(function(event){\n\t\t\towl_goto.trigger('to.owl.carousel', 0);\n\t\t});\n\t\tjQuery('.slider_489_goto2').click(function(event){\n\t\t\towl_goto.trigger('to.owl.carousel', 1);\n\t\t});\n\t\tjQuery('.slider_489_goto3').click(function(event){\n\t\t\towl_goto.trigger('to.owl.carousel', 2);\n\t\t});\n\t\tjQuery('.slider_489_goto4').click(function(event){\n\t\t\towl_goto.trigger('to.owl.carousel', 3);\n\t\t});\n\t\tvar resize_489 = jQuery('.owl-carousel');\n\t\tresize_489.on('initialized.owl.carousel', function(e) {\n\t\t\tif (typeof(Event) === 'function') {\n\t\t\t\twindow.dispatchEvent(new Event('resize'));\n\t\t\t} else {\n\t\t\t\tvar evt = window.document.createEvent('UIEvents');\n\t\t\t\tevt.initUIEvent('resize', true, false, window, 0);\n\t\t\t\twindow.dispatchEvent(evt);\n\t\t\t}\n\t\t});\n\t});\n<\/script><\/p>\n<\/div>\n\t\t<\/div><\/div><\/div><\/div>","protected":false},"excerpt":{"rendered":"<p>\u00bfPor qu\u00e9 Anal\u00edtica? &nbsp;Dos d\u00e9cadas de servicio en los mercados mexicanos y latinoamericanos. Excelencia en metodolog\u00edas, procedimientos y obtenci\u00f3n de informaci\u00f3n confiable. CAPACIDAD \/ Infraestructura propia para todo tipo de estudio. Resultados puntuales y accionables. Porque Anal\u00edtica? Presente ha quase duas d\u00e9cadas nos mercados Mexicano e Latino americano. Excel\u00eancia em metodologias, procedimentose em coleta de<\/p>\n<a href=\"https:\/\/analiticamkt.com\/en\/\" class=\"btn frontech-btn\"><span><\/span>Read More<\/a>","protected":false},"author":1,"featured_media":0,"parent":0,"menu_order":0,"comment_status":"closed","ping_status":"closed","template":"page-fullwidth.php","meta":{"ngg_post_thumbnail":0,"footnotes":""},"class_list":["post-67","page","type-page","status-publish","hentry"],"_links":{"self":[{"href":"https:\/\/analiticamkt.com\/en\/wp-json\/wp\/v2\/pages\/67","targetHints":{"allow":["GET"]}}],"collection":[{"href":"https:\/\/analiticamkt.com\/en\/wp-json\/wp\/v2\/pages"}],"about":[{"href":"https:\/\/analiticamkt.com\/en\/wp-json\/wp\/v2\/types\/page"}],"author":[{"embeddable":true,"href":"https:\/\/analiticamkt.com\/en\/wp-json\/wp\/v2\/users\/1"}],"replies":[{"embeddable":true,"href":"https:\/\/analiticamkt.com\/en\/wp-json\/wp\/v2\/comments?post=67"}],"version-history":[{"count":14,"href":"https:\/\/analiticamkt.com\/en\/wp-json\/wp\/v2\/pages\/67\/revisions"}],"predecessor-version":[{"id":493,"href":"https:\/\/analiticamkt.com\/en\/wp-json\/wp\/v2\/pages\/67\/revisions\/493"}],"wp:attachment":[{"href":"https:\/\/analiticamkt.com\/en\/wp-json\/wp\/v2\/media?parent=67"}],"curies":[{"name":"wp","href":"https:\/\/api.w.org\/{rel}","templated":true}]}}