{"id":473,"date":"2021-08-05T00:31:44","date_gmt":"2021-08-05T00:31:44","guid":{"rendered":"https:\/\/analiticamkt.com\/?page_id=473"},"modified":"2021-08-19T23:28:11","modified_gmt":"2021-08-19T23:28:11","slug":"aviso-de-privacidad","status":"publish","type":"page","link":"https:\/\/analiticamkt.com\/en\/aviso-de-privacidad\/","title":{"rendered":"PRIVACY NOTICE"},"content":{"rendered":"<p id=\"u2193-3\">&nbsp;<\/p>\n<p id=\"u2193-7\">Con el fin de cumplir con lo establecido en la Ley Federal de Protecci\u00f3n de Datos Personales en Posesi\u00f3n de los Particulares y dem\u00e1s disposiciones aplicables (en lo sucesivo LFPD),&nbsp;<span id=\"u2193-5\">Anal\u00edtica Marketing, S.A. de C.V.<\/span>,&nbsp; con domicilio en Puebla #319, Col. Roma, Delegaci\u00f3n Cuauht\u00e9moc, M\u00e9xico D.F., C.P. 06700, hace de su conocimiento que es el responsable del uso y protecci\u00f3n de sus datos personales recopilados previo consentimiento de su titular al haber aceptado participar en nuestros estudios de investigaci\u00f3n de mercados, entrevistas, sesiones de grupo o cualquier otro m\u00e9todo en el que particip\u00f3; y reconocemos que tenemos la obligaci\u00f3n legal y \u00e9tica de cumplir con las medidas de seguridad suficientes para proteger los datos personales que hayamos recabado.<\/p>\n<p id=\"u2193-8\">&nbsp;<\/p>\n<p id=\"u2193-12\">Este documento tiene como&nbsp;<span id=\"u2193-10\">finalidad&nbsp;<\/span>asegurar la privacidad de la informaci\u00f3n personal del participante que nos proporcione en alguno de nuestros estudios de Investigaci\u00f3n de Mercados.<\/p>\n<p id=\"u2193-13\">&nbsp;<\/p>\n<p id=\"u2193-15\">Le informamos que los datos personales que recabamos de usted de manera voluntaria se resguardar\u00e1n en una base de datos interna a la que \u00fanicamente tendr\u00e1 acceso personal autorizado, por lo que NO ser\u00e1n utilizados para ning\u00fan fin que no est\u00e9 autorizado por usted; as\u00ed como tampoco ser\u00e1n transferidos a terceros. Asimismo, ser\u00e1n utilizados para las siguientes finalidades:<\/p>\n<p id=\"u2193-16\">&nbsp;<\/p>\n<ul id=\"u2193-23\" class=\"list0 nls-None\">\n<li id=\"u2193-18\">Elaboraci\u00f3n de estudios de mercado, estad\u00edsticas y an\u00e1lisis de informaci\u00f3n de diversos temas.<\/li>\n<li id=\"u2193-20\">Elaboraci\u00f3n de sondeos de opini\u00f3n sobre productos, bienes, servicios, personas, marcas, nombres comerciales o cualquier otra cuesti\u00f3n sobre la que solicitemos su punto de vista.<\/li>\n<li id=\"u2193-22\">Para dar cumplimiento a las obligaciones contractuales que asumamos frente a nuestros clientes.<\/li>\n<\/ul>\n<p id=\"u2193-24\">&nbsp;<\/p>\n<p id=\"u2193-26\">Para llevar a cabo las finalidades descritas en el presente aviso de privacidad, podremos recabar datos personales tales como: nombre, domicilio, edad, n\u00famero telef\u00f3nico (casa, trabajo, celular), correo electr\u00f3nico, estado civil, g\u00e9nero, lugar y fecha de nacimiento, RFC, CURP, datos profesionales (ocupaci\u00f3n, grado de estudios, puesto, correo de trabajo, referencias laborales, referencias personales, historial acad\u00e9mico), entre otros.<\/p>\n<p id=\"u2193-27\">&nbsp;<\/p>\n<p id=\"u2193-29\">En el caso de menores de edad, los datos recabados ser\u00e1n con previo consentimiento de alguno de sus padres, tutores, maestros o adultos que lo acompa\u00f1en.<\/p>\n<p id=\"u2193-30\">&nbsp;<\/p>\n<p id=\"u2193-32\">La informaci\u00f3n recabada se mantendr\u00e1 confidencial y su \u00fanico uso ser\u00e1 el de acumularse al de otras entrevistas para poder ser analizada estad\u00edsticamente con estricto apego a la confidencialidad de la informaci\u00f3n y los datos particulares NO se entregar\u00e1n a terceras partes.<\/p>\n<p id=\"u2193-33\">&nbsp;<\/p>\n<p id=\"u2193-35\">Si el participante no manifiesta su oposici\u00f3n al uso de su informaci\u00f3n para los fines descritos con anterioridad al momento de aceptar participar en la encuesta, se da por entendido que acepta el uso de la informaci\u00f3n proporcionada para los fines estrictamente precisados en este documento.<\/p>\n<p id=\"u2193-36\">&nbsp;<\/p>\n<p id=\"u2193-41\">Favor de enviar dudas, preguntas y aclaraciones sobre el presente a la direcci\u00f3n electr\u00f3nica&nbsp;<a class=\"nonblock\" href=\"mailto:info@analiticamkt.com\">info@analiticamkt.com&nbsp;&nbsp;<\/a>Asunto: Aviso de pivacidad.<\/p>\n<p id=\"u2193-42\">&nbsp;<\/p>\n<p id=\"u2193-49\">Nos reservamos el derecho de efectuar en cualquier momento&nbsp;<span id=\"u2193-44\">modificaciones<\/span>&nbsp;o actualizaciones al presente aviso de privacidad. Estas modificaciones estar\u00e1n disponibles al p\u00fablico a trav\u00e9s de nuestra p\u00e1gina de Internet&nbsp;<a class=\"nonblock\" href=\"\/en\/index.html\/\" data-href=\"page:U74\">www.analiticamkt.com<\/a>&nbsp;(secci\u00f3n Aviso de Privacidad).<\/p>\n<p id=\"u2193-51\">El presente Aviso de Privacidad fue actualizado por \u00faltima ocasi\u00f3n el 29 de noviembre del 2014.<\/p>\n\n\n<p><\/p>","protected":false},"excerpt":{"rendered":"<p>&nbsp; Con el fin de cumplir con lo establecido en la Ley Federal de Protecci\u00f3n de Datos Personales en Posesi\u00f3n de los Particulares y dem\u00e1s disposiciones aplicables (en lo sucesivo LFPD),&nbsp;Anal\u00edtica Marketing, S.A. de C.V.,&nbsp; con domicilio en Puebla #319, Col. Roma, Delegaci\u00f3n Cuauht\u00e9moc, M\u00e9xico D.F., C.P. 06700, hace de su conocimiento que es el<\/p>\n<a href=\"https:\/\/analiticamkt.com\/en\/aviso-de-privacidad\/\" class=\"btn frontech-btn\"><span><\/span>Read More<\/a>","protected":false},"author":1,"featured_media":0,"parent":0,"menu_order":0,"comment_status":"closed","ping_status":"closed","template":"page-fullwidth.php","meta":{"ngg_post_thumbnail":0,"footnotes":""},"class_list":["post-473","page","type-page","status-publish","hentry"],"_links":{"self":[{"href":"https:\/\/analiticamkt.com\/en\/wp-json\/wp\/v2\/pages\/473","targetHints":{"allow":["GET"]}}],"collection":[{"href":"https:\/\/analiticamkt.com\/en\/wp-json\/wp\/v2\/pages"}],"about":[{"href":"https:\/\/analiticamkt.com\/en\/wp-json\/wp\/v2\/types\/page"}],"author":[{"embeddable":true,"href":"https:\/\/analiticamkt.com\/en\/wp-json\/wp\/v2\/users\/1"}],"replies":[{"embeddable":true,"href":"https:\/\/analiticamkt.com\/en\/wp-json\/wp\/v2\/comments?post=473"}],"version-history":[{"count":2,"href":"https:\/\/analiticamkt.com\/en\/wp-json\/wp\/v2\/pages\/473\/revisions"}],"predecessor-version":[{"id":734,"href":"https:\/\/analiticamkt.com\/en\/wp-json\/wp\/v2\/pages\/473\/revisions\/734"}],"wp:attachment":[{"href":"https:\/\/analiticamkt.com\/en\/wp-json\/wp\/v2\/media?parent=473"}],"curies":[{"name":"wp","href":"https:\/\/api.w.org\/{rel}","templated":true}]}}