{"id":429,"date":"2021-08-04T22:32:25","date_gmt":"2021-08-04T22:32:25","guid":{"rendered":"https:\/\/analiticamkt.com\/?page_id=429"},"modified":"2021-08-25T22:04:38","modified_gmt":"2021-08-25T22:04:38","slug":"ventajas","status":"publish","type":"page","link":"https:\/\/analiticamkt.com\/en\/ventajas\/","title":{"rendered":"Competitive Advantages"},"content":{"rendered":"<div id=\"pl-gb429-69ebba5ce2464\"  class=\"panel-layout\" ><div id=\"pg-gb429-69ebba5ce2464-0\"  class=\"panel-grid panel-has-style\" ><div class=\"panel-row-style panel-row-style-for-gb429-69ebba5ce2464-0\" ><div id=\"pgc-gb429-69ebba5ce2464-0-0\"  class=\"panel-grid-cell\" ><div id=\"panel-gb429-69ebba5ce2464-0-0-0\" class=\"so-panel widget widget_text panel-first-child panel-last-child\" data-index=\"0\" ><div class=\"panel-widget-style panel-widget-style-for-gb429-69ebba5ce2464-0-0-0\" >\t\t\t<div class=\"textwidget\"><h3>SUPERIOR ATTENTION TO CLIENTS<\/h3>\n<ul>\n<li>Personalized attention by competent executives.<\/li>\n<li>Professional, qualified and diligent executives.<\/li>\n<li>Ongoing communication.<\/li>\n<li>Operational and logistic controls to minimize errors.<\/li>\n<li>Top efficiency and quality in performance.<\/li>\n<li>Bilingual capability<\/li>\n<\/ul>\n<\/div>\n\t\t<\/div><\/div><\/div><div id=\"pgc-gb429-69ebba5ce2464-0-1\"  class=\"panel-grid-cell\" ><div id=\"panel-gb429-69ebba5ce2464-0-1-0\" class=\"so-panel widget widget_media_image panel-first-child panel-last-child\" data-index=\"1\" ><img loading=\"lazy\" decoding=\"async\" width=\"1031\" height=\"718\" src=\"https:\/\/analiticamkt.com\/wp-content\/uploads\/2021\/08\/3-e1628814319306.png\" class=\"image wp-image-767  attachment-full size-full\" alt=\"\" style=\"max-width: 100%; height: auto;\" srcset=\"https:\/\/analiticamkt.com\/wp-content\/uploads\/2021\/08\/3-e1628814319306.png 1031w, https:\/\/analiticamkt.com\/wp-content\/uploads\/2021\/08\/3-e1628814319306-300x209.png 300w, https:\/\/analiticamkt.com\/wp-content\/uploads\/2021\/08\/3-e1628814319306-1024x713.png 1024w, https:\/\/analiticamkt.com\/wp-content\/uploads\/2021\/08\/3-e1628814319306-768x535.png 768w, https:\/\/analiticamkt.com\/wp-content\/uploads\/2021\/08\/3-e1628814319306-18x12.png 18w\" sizes=\"auto, (max-width: 1031px) 100vw, 1031px\" \/><\/div><\/div><\/div><\/div><div id=\"pg-gb429-69ebba5ce2464-1\"  class=\"panel-grid panel-has-style\" ><div class=\"panel-row-style panel-row-style-for-gb429-69ebba5ce2464-1\" ><div id=\"pgc-gb429-69ebba5ce2464-1-0\"  class=\"panel-grid-cell\" ><div id=\"panel-gb429-69ebba5ce2464-1-0-0\" class=\"so-panel widget widget_text panel-first-child panel-last-child\" data-index=\"2\" ><div class=\"panel-widget-style panel-widget-style-for-gb429-69ebba5ce2464-1-0-0\" >\t\t\t<div class=\"textwidget\"><h3>CONTINUOUS IMPROVEMENT PROGRAM<\/h3>\n<p>Continuous improvement is the DNA that drives our company to strive for and achieve \"Excelence\" in our performance with our clients.<\/p>\n<\/div>\n\t\t<\/div><\/div><\/div><div id=\"pgc-gb429-69ebba5ce2464-1-1\"  class=\"panel-grid-cell\" ><div id=\"panel-gb429-69ebba5ce2464-1-1-0\" class=\"so-panel widget widget_media_image panel-first-child panel-last-child\" data-index=\"3\" ><img loading=\"lazy\" decoding=\"async\" width=\"330\" height=\"346\" src=\"https:\/\/analiticamkt.com\/wp-content\/uploads\/2021\/07\/img_8322-crop-u7216.jpg\" class=\"image wp-image-137  attachment-full size-full\" alt=\"\" style=\"max-width: 100%; height: auto;\" srcset=\"https:\/\/analiticamkt.com\/wp-content\/uploads\/2021\/07\/img_8322-crop-u7216.jpg 330w, https:\/\/analiticamkt.com\/wp-content\/uploads\/2021\/07\/img_8322-crop-u7216-286x300.jpg 286w\" sizes=\"auto, (max-width: 330px) 100vw, 330px\" \/><\/div><\/div><\/div><\/div><div id=\"pg-gb429-69ebba5ce2464-2\"  class=\"panel-grid panel-has-style\" ><div class=\"panel-row-style panel-row-style-for-gb429-69ebba5ce2464-2\" ><div id=\"pgc-gb429-69ebba5ce2464-2-0\"  class=\"panel-grid-cell\" ><div id=\"panel-gb429-69ebba5ce2464-2-0-0\" class=\"so-panel widget widget_text panel-first-child panel-last-child\" data-index=\"4\" ><div class=\"panel-widget-style panel-widget-style-for-gb429-69ebba5ce2464-2-0-0\" >\t\t\t<div class=\"textwidget\"><h3>INNOVATIVE RESEARCH SCHEMES<\/h3>\n<p>Development of customized research methods: reliable, effective and useful to improve the performance of your brands.<\/p>\n<\/div>\n\t\t<\/div><\/div><\/div><div id=\"pgc-gb429-69ebba5ce2464-2-1\"  class=\"panel-grid-cell\" ><div id=\"panel-gb429-69ebba5ce2464-2-1-0\" class=\"so-panel widget widget_media_image panel-first-child panel-last-child\" data-index=\"5\" ><img loading=\"lazy\" decoding=\"async\" width=\"1001\" height=\"680\" src=\"https:\/\/analiticamkt.com\/wp-content\/uploads\/2021\/07\/fondo-clientes-movil-e1628814150320.jpg\" class=\"image wp-image-117  attachment-full size-full\" alt=\"\" style=\"max-width: 100%; height: auto;\" srcset=\"https:\/\/analiticamkt.com\/wp-content\/uploads\/2021\/07\/fondo-clientes-movil-e1628814150320.jpg 1001w, https:\/\/analiticamkt.com\/wp-content\/uploads\/2021\/07\/fondo-clientes-movil-e1628814150320-300x204.jpg 300w, https:\/\/analiticamkt.com\/wp-content\/uploads\/2021\/07\/fondo-clientes-movil-e1628814150320-768x522.jpg 768w, https:\/\/analiticamkt.com\/wp-content\/uploads\/2021\/07\/fondo-clientes-movil-e1628814150320-90x60.jpg 90w\" sizes=\"auto, (max-width: 1001px) 100vw, 1001px\" \/><\/div><\/div><\/div><\/div><div id=\"pg-gb429-69ebba5ce2464-3\"  class=\"panel-grid panel-has-style\" ><div class=\"panel-row-style panel-row-style-for-gb429-69ebba5ce2464-3\" ><div id=\"pgc-gb429-69ebba5ce2464-3-0\"  class=\"panel-grid-cell\" ><div id=\"panel-gb429-69ebba5ce2464-3-0-0\" class=\"so-panel widget widget_media_image panel-first-child panel-last-child\" data-index=\"6\" ><img loading=\"lazy\" decoding=\"async\" width=\"400\" height=\"503\" src=\"https:\/\/analiticamkt.com\/wp-content\/uploads\/2021\/06\/l1.jpg\" class=\"image wp-image-37  attachment-full size-full\" alt=\"\" style=\"max-width: 100%; height: auto;\" srcset=\"https:\/\/analiticamkt.com\/wp-content\/uploads\/2021\/06\/l1.jpg 400w, https:\/\/analiticamkt.com\/wp-content\/uploads\/2021\/06\/l1-239x300.jpg 239w\" sizes=\"auto, (max-width: 400px) 100vw, 400px\" \/><\/div><\/div><div id=\"pgc-gb429-69ebba5ce2464-3-1\"  class=\"panel-grid-cell\" ><div id=\"panel-gb429-69ebba5ce2464-3-1-0\" class=\"so-panel widget widget_text panel-first-child panel-last-child\" data-index=\"7\" ><div class=\"panel-widget-style panel-widget-style-for-gb429-69ebba5ce2464-3-1-0\" >\t\t\t<div class=\"textwidget\"><h3>BILINGUAL CAPABILITY<\/h3>\n<p>(English-Spanish)<\/p>\n<p>We have bilingual executives, translators, and staff to serve our foreign clients and deliver results and reports accurately translated into English.<\/p>\n<\/div>\n\t\t<\/div><\/div><\/div><\/div><\/div><\/div>","protected":false},"excerpt":{"rendered":"<p>ATENCI\u00d3N SUPERIOR A CLIENTES: Atenci\u00f3n personalizada por parte de ejecutivos competentes. Ejecutivos profesionales, capacitados y diligentes. Comunicaci\u00f3n continua. Controles operativos y log\u00edsticos para minimizar errores. M\u00e1xima eficacia y calidad en el desempe\u00f1o. Competencia Biling\u00fce. PROGRAMA DE MEJORA CONTINUA La mejora continua es el ADN que impulsa a nuestra empresa a lograr la &#8220;Excelencia&#8221; en el<\/p>\n<a href=\"https:\/\/analiticamkt.com\/en\/ventajas\/\" class=\"btn frontech-btn\"><span><\/span>Read More<\/a>","protected":false},"author":1,"featured_media":0,"parent":0,"menu_order":0,"comment_status":"closed","ping_status":"closed","template":"page-fullwidth.php","meta":{"ngg_post_thumbnail":0,"footnotes":""},"class_list":["post-429","page","type-page","status-publish","hentry"],"_links":{"self":[{"href":"https:\/\/analiticamkt.com\/en\/wp-json\/wp\/v2\/pages\/429","targetHints":{"allow":["GET"]}}],"collection":[{"href":"https:\/\/analiticamkt.com\/en\/wp-json\/wp\/v2\/pages"}],"about":[{"href":"https:\/\/analiticamkt.com\/en\/wp-json\/wp\/v2\/types\/page"}],"author":[{"embeddable":true,"href":"https:\/\/analiticamkt.com\/en\/wp-json\/wp\/v2\/users\/1"}],"replies":[{"embeddable":true,"href":"https:\/\/analiticamkt.com\/en\/wp-json\/wp\/v2\/comments?post=429"}],"version-history":[{"count":38,"href":"https:\/\/analiticamkt.com\/en\/wp-json\/wp\/v2\/pages\/429\/revisions"}],"predecessor-version":[{"id":777,"href":"https:\/\/analiticamkt.com\/en\/wp-json\/wp\/v2\/pages\/429\/revisions\/777"}],"wp:attachment":[{"href":"https:\/\/analiticamkt.com\/en\/wp-json\/wp\/v2\/media?parent=429"}],"curies":[{"name":"wp","href":"https:\/\/api.w.org\/{rel}","templated":true}]}}