{"id":386,"date":"2021-07-27T22:24:47","date_gmt":"2021-07-27T22:24:47","guid":{"rendered":"https:\/\/analiticamkt.com\/?page_id=386"},"modified":"2021-07-30T19:26:53","modified_gmt":"2021-07-30T19:26:53","slug":"nuestra-meta","status":"publish","type":"page","link":"https:\/\/analiticamkt.com\/en\/nuestra-meta\/","title":{"rendered":"Nuestra Meta"},"content":{"rendered":"<div class=\"wp-block-columns is-layout-flex wp-container-core-columns-is-layout-9d6595d7 wp-block-columns-is-layout-flex\">\n<div class=\"wp-block-column is-layout-flow wp-block-column-is-layout-flow\"><div class=\"iheg-wrapper\"><div class=\"eihe-box eihe-push-right\" style=\"background: rgba(0,114,163,0);\"><img decoding=\"async\" src=\"https:\/\/analiticamkt.com\/wp-content\/uploads\/2021\/07\/l5.png\" alt=\"\"\/><div class=\"eihe-caption\" style=\"background: rgba(0,114,163,0);\"><div class=\"eihe-title-cover\"><p style=\"color: rgba(163,0,29,1);font-size: 18px;text-decoration: underline;\" class=\"eihe-title\">Comunicaci\u00f3n con el cliente<\/p>\t<\/div><p style=\"color: rgba(163,0,44,1);\">Entendimiento de las necesidades del cliente<\/p><\/div><\/div><\/div>\n\n\n<div class=\"wp-block-image\"><figure class=\"alignright size-full\"><img loading=\"lazy\" decoding=\"async\" width=\"49\" height=\"50\" src=\"https:\/\/analiticamkt.com\/wp-content\/uploads\/2021\/07\/m1.png\" alt=\"\" class=\"wp-image-151\"\/><\/figure><\/div>\n<\/div>\n\n\n\n<div class=\"wp-block-column is-layout-flow wp-block-column-is-layout-flow\"><div class=\"iheg-wrapper\"><div class=\"eihe-box eihe-push-right\" style=\"background: rgba(0,114,163,0);\"><img decoding=\"async\" src=\"https:\/\/analiticamkt.com\/wp-content\/uploads\/2021\/07\/1.png\" alt=\"\"\/><div class=\"eihe-caption\" style=\"background: rgba(0,114,163,0);\"><div class=\"eihe-title-cover\"><p style=\"color: rgba(163,0,29,1);font-size: 18px;text-decoration: underline;\" class=\"eihe-title\">Respuesta R\u00e1pida Y Razonada de SO<\/p>\t<\/div><p style=\"color: rgba(163,0,44,1);\"><\/p><\/div><\/div><\/div>\n\n\n<div class=\"wp-block-image\"><figure class=\"aligncenter size-full\"><img loading=\"lazy\" decoding=\"async\" width=\"49\" height=\"50\" src=\"https:\/\/analiticamkt.com\/wp-content\/uploads\/2021\/07\/m2.png\" alt=\"\" class=\"wp-image-152\"\/><\/figure><\/div>\n<\/div>\n\n\n\n<div class=\"wp-block-column is-layout-flow wp-block-column-is-layout-flow\"><div class=\"iheg-wrapper\"><div class=\"eihe-box eihe-push-right\" style=\"background: rgba(0,114,163,0);\"><img decoding=\"async\" src=\"https:\/\/analiticamkt.com\/wp-content\/uploads\/2021\/07\/2.png\" alt=\"\"\/><div class=\"eihe-caption\" style=\"background: rgba(0,114,163,0);\"><div class=\"eihe-title-cover\"><p style=\"color: rgba(163,0,29,1);font-size: 18px;text-decoration: underline;\" class=\"eihe-title\">Dise\u00f1os Adecuados<\/p>\t<\/div><p style=\"color: rgba(163,0,44,1);\">Muestras robustas pero confiables<\/p><\/div><\/div><\/div>\n\n\n<div class=\"wp-block-image\"><figure class=\"aligncenter size-full\"><img loading=\"lazy\" decoding=\"async\" width=\"49\" height=\"50\" src=\"https:\/\/analiticamkt.com\/wp-content\/uploads\/2021\/07\/m3.png\" alt=\"\" class=\"wp-image-153\"\/><\/figure><\/div>\n<\/div>\n\n\n\n<div class=\"wp-block-column is-layout-flow wp-block-column-is-layout-flow\"><div class=\"iheg-wrapper\"><div class=\"eihe-box eihe-push-right\" style=\"background: rgba(0,114,163,0);\"><img decoding=\"async\" src=\"https:\/\/analiticamkt.com\/wp-content\/uploads\/2021\/07\/3.png\" alt=\"\"\/><div class=\"eihe-caption\" style=\"background: rgba(0,114,163,0);\"><div class=\"eihe-title-cover\"><p style=\"color: rgba(163,0,29,1);font-size: 18px;text-decoration: underline;\" class=\"eihe-title\">Capacitacion Detallada a Encuestadores<\/p>\t<\/div><p style=\"color: rgba(163,0,44,1);\">M\u00faltiples niveles de supervis\u00f3n de campo<\/p><\/div><\/div><\/div>\n\n\n<div class=\"wp-block-image\"><figure class=\"aligncenter size-full\"><img loading=\"lazy\" decoding=\"async\" width=\"49\" height=\"50\" src=\"https:\/\/analiticamkt.com\/wp-content\/uploads\/2021\/07\/m4.png\" alt=\"\" class=\"wp-image-154\"\/><\/figure><\/div>\n<\/div>\n<\/div>\n\n\n\n<div class=\"wp-block-columns is-layout-flex wp-container-core-columns-is-layout-9d6595d7 wp-block-columns-is-layout-flex\">\n<div class=\"wp-block-column is-layout-flow wp-block-column-is-layout-flow\" style=\"flex-basis:100%\">\n<div class=\"wp-block-group\"><div class=\"wp-block-group__inner-container is-layout-flow wp-block-group-is-layout-flow\">\n<div class=\"wp-block-columns is-layout-flex wp-container-core-columns-is-layout-9d6595d7 wp-block-columns-is-layout-flex\">\n<div class=\"wp-block-column is-layout-flow wp-block-column-is-layout-flow\"><div class=\"iheg-wrapper\"><div class=\"eihe-box eihe-push-right\" style=\"background: rgba(0,114,163,0);\"><img decoding=\"async\" src=\"https:\/\/analiticamkt.com\/wp-content\/uploads\/2021\/07\/5.png\" alt=\"\"\/><div class=\"eihe-caption\" style=\"background: rgba(0,114,163,0);\"><div class=\"eihe-title-cover\"><p style=\"color: rgba(163,0,29,1);font-size: 18px;text-decoration: underline;\" class=\"eihe-title\">Manejo de Materiales<\/p>\t<\/div><p style=\"color: rgba(163,0,44,1);\">Log\u00edstica Efectiva<br>Planeaci\u00f3n Sensata<br>Atenci\u00f3n a Detalles<\/p><\/div><\/div><\/div>\n\n\n<div class=\"wp-block-image\"><figure class=\"aligncenter size-full\"><img loading=\"lazy\" decoding=\"async\" width=\"49\" height=\"50\" src=\"https:\/\/analiticamkt.com\/wp-content\/uploads\/2021\/07\/m5.png\" alt=\"\" class=\"wp-image-155\"\/><\/figure><\/div>\n<\/div>\n\n\n\n<div class=\"wp-block-column is-layout-flow wp-block-column-is-layout-flow\"><div class=\"iheg-wrapper\"><div class=\"eihe-box eihe-push-right\" style=\"background: rgba(0,114,163,0);\"><img decoding=\"async\" src=\"https:\/\/analiticamkt.com\/wp-content\/uploads\/2021\/07\/6.png\" alt=\"\"\/><div class=\"eihe-caption\" style=\"background: rgba(0,114,163,0);\"><div class=\"eihe-title-cover\"><p style=\"color: rgba(163,0,29,1);font-size: 18px;text-decoration: underline;\" class=\"eihe-title\">AN\u00c1LISIS DETALLADOS Y CLAROS<\/p>\t<\/div><p style=\"color: rgba(163,0,44,1);\">Elecci\u00f3n de Modelos estad\u00edsticos efectivos<\/p><\/div><\/div><\/div>\n\n\n<div class=\"wp-block-image\"><figure class=\"aligncenter size-full\"><img loading=\"lazy\" decoding=\"async\" width=\"49\" height=\"50\" src=\"https:\/\/analiticamkt.com\/wp-content\/uploads\/2021\/07\/m6.png\" alt=\"\" class=\"wp-image-156\"\/><\/figure><\/div>\n<\/div>\n\n\n\n<div class=\"wp-block-column is-layout-flow wp-block-column-is-layout-flow\"><div class=\"iheg-wrapper\"><div class=\"eihe-box eihe-push-right\" style=\"background: rgba(0,114,163,0);\"><img decoding=\"async\" src=\"https:\/\/analiticamkt.com\/wp-content\/uploads\/2021\/07\/7.png\" alt=\"\"\/><div class=\"eihe-caption\" style=\"background: rgba(0,114,163,0);\"><div class=\"eihe-title-cover\"><p style=\"color: rgba(163,0,29,1);font-size: 18px;text-decoration: underline;\" class=\"eihe-title\">PUNTUALIDAD EN LA ENTREGA<\/p>\t<\/div><p style=\"color: rgba(163,0,44,1);\"><\/p><\/div><\/div><\/div>\n\n\n<div class=\"wp-block-image\"><figure class=\"aligncenter size-full\"><img loading=\"lazy\" decoding=\"async\" width=\"49\" height=\"50\" src=\"https:\/\/analiticamkt.com\/wp-content\/uploads\/2021\/07\/m7.png\" alt=\"\" class=\"wp-image-157\"\/><\/figure><\/div>\n<\/div>\n\n\n\n<div class=\"wp-block-column is-layout-flow wp-block-column-is-layout-flow\"><div class=\"iheg-wrapper\"><div class=\"eihe-box eihe-push-right\" style=\"background: rgba(0,114,163,0);\"><img decoding=\"async\" src=\"https:\/\/analiticamkt.com\/wp-content\/uploads\/2021\/07\/8.png\" alt=\"\"\/><div class=\"eihe-caption\" style=\"background: rgba(0,114,163,0);\"><div class=\"eihe-title-cover\"><p style=\"color: rgba(163,0,29,1);font-size: 18px;text-decoration: underline;\" class=\"eihe-title\">RESULTADOS CONFIABLES<\/p>\t<\/div><p style=\"color: rgba(163,0,44,1);\">Resultados accionables <\/p><\/div><\/div><\/div>\n\n\n<div class=\"wp-block-image\"><figure class=\"aligncenter size-full\"><img loading=\"lazy\" decoding=\"async\" width=\"49\" height=\"50\" src=\"https:\/\/analiticamkt.com\/wp-content\/uploads\/2021\/07\/m8.png\" alt=\"\" class=\"wp-image-158\"\/><\/figure><\/div>\n<\/div>\n<\/div>\n<\/div><\/div>\n<\/div>\n<\/div>\n\n\n\n<div class=\"wp-block-columns is-layout-flex wp-container-core-columns-is-layout-9d6595d7 wp-block-columns-is-layout-flex\">\n<div class=\"wp-block-column is-layout-flow wp-block-column-is-layout-flow\" style=\"flex-basis:100%\">\n<div class=\"wp-block-group\"><div class=\"wp-block-group__inner-container is-layout-flow wp-block-group-is-layout-flow\">\n<div class=\"wp-block-columns is-layout-flex wp-container-core-columns-is-layout-9d6595d7 wp-block-columns-is-layout-flex\">\n<div class=\"wp-block-column is-layout-flow wp-block-column-is-layout-flow\" style=\"flex-basis:100%\">\n<div class=\"wp-block-columns is-layout-flex wp-container-core-columns-is-layout-9d6595d7 wp-block-columns-is-layout-flex\">\n<div class=\"wp-block-column is-layout-flow wp-block-column-is-layout-flow\"><\/div>\n\n\n\n<div class=\"wp-block-column is-layout-flow wp-block-column-is-layout-flow\"><div class=\"iheg-wrapper\"><div class=\"eihe-box eihe-push-right\" style=\"background: rgba(0,114,163,0);\"><img decoding=\"async\" src=\"https:\/\/analiticamkt.com\/wp-content\/uploads\/2021\/07\/9.png\" alt=\"\"\/><div class=\"eihe-caption\" style=\"background: rgba(0,114,163,0);\"><div class=\"eihe-title-cover\"><p style=\"color: rgba(163,0,29,1);font-size: 18px;text-decoration: underline;\" class=\"eihe-title\">CLIENTES SATISFECHOS<\/p>\t<\/div><p style=\"color: rgba(163,0,44,1);\"><\/p><\/div><\/div><\/div>\n\n\n<div class=\"wp-block-image\"><figure class=\"aligncenter size-full\"><img loading=\"lazy\" decoding=\"async\" width=\"49\" height=\"50\" src=\"https:\/\/analiticamkt.com\/wp-content\/uploads\/2021\/07\/m9.png\" alt=\"\" class=\"wp-image-159\"\/><\/figure><\/div>\n<\/div>\n\n\n\n<div class=\"wp-block-column is-layout-flow wp-block-column-is-layout-flow\"><\/div>\n<\/div>\n<\/div>\n<\/div>\n<\/div><\/div>\n<\/div>\n<\/div>","protected":false},"excerpt":{"rendered":"<a href=\"https:\/\/analiticamkt.com\/en\/nuestra-meta\/\" class=\"btn frontech-btn\"><span><\/span>Read More<\/a>","protected":false},"author":1,"featured_media":0,"parent":0,"menu_order":0,"comment_status":"closed","ping_status":"closed","template":"page-fullwidth.php","meta":{"ngg_post_thumbnail":0,"footnotes":""},"class_list":["post-386","page","type-page","status-publish","hentry"],"_links":{"self":[{"href":"https:\/\/analiticamkt.com\/en\/wp-json\/wp\/v2\/pages\/386","targetHints":{"allow":["GET"]}}],"collection":[{"href":"https:\/\/analiticamkt.com\/en\/wp-json\/wp\/v2\/pages"}],"about":[{"href":"https:\/\/analiticamkt.com\/en\/wp-json\/wp\/v2\/types\/page"}],"author":[{"embeddable":true,"href":"https:\/\/analiticamkt.com\/en\/wp-json\/wp\/v2\/users\/1"}],"replies":[{"embeddable":true,"href":"https:\/\/analiticamkt.com\/en\/wp-json\/wp\/v2\/comments?post=386"}],"version-history":[{"count":27,"href":"https:\/\/analiticamkt.com\/en\/wp-json\/wp\/v2\/pages\/386\/revisions"}],"predecessor-version":[{"id":428,"href":"https:\/\/analiticamkt.com\/en\/wp-json\/wp\/v2\/pages\/386\/revisions\/428"}],"wp:attachment":[{"href":"https:\/\/analiticamkt.com\/en\/wp-json\/wp\/v2\/media?parent=386"}],"curies":[{"name":"wp","href":"https:\/\/api.w.org\/{rel}","templated":true}]}}