{"id":332,"date":"2021-07-21T19:53:29","date_gmt":"2021-07-21T19:53:29","guid":{"rendered":"https:\/\/analiticamkt.com\/?page_id=332"},"modified":"2021-08-25T22:06:09","modified_gmt":"2021-08-25T22:06:09","slug":"nuestros-clientes","status":"publish","type":"page","link":"https:\/\/analiticamkt.com\/en\/nuestros-clientes\/","title":{"rendered":"Clients"},"content":{"rendered":"<div id=\"pl-332\"  class=\"panel-layout\" ><div id=\"pg-332-0\"  class=\"panel-grid panel-has-style\" ><div class=\"so-parallax panel-row-style panel-row-style-for-332-0\" ><img fetchpriority=\"high\" decoding=\"async\" width=\"1001\" height=\"932\" src=\"https:\/\/analiticamkt.com\/wp-content\/uploads\/2021\/07\/33.png\" class=\"attachment-full size-full\" alt=\"\" data-siteorigin-parallax=\"true\" loading=\"eager\" srcset=\"https:\/\/analiticamkt.com\/wp-content\/uploads\/2021\/07\/33.png 1001w, https:\/\/analiticamkt.com\/wp-content\/uploads\/2021\/07\/33-300x279.png 300w, https:\/\/analiticamkt.com\/wp-content\/uploads\/2021\/07\/33-768x715.png 768w\" sizes=\"(max-width: 1001px) 100vw, 1001px\" \/><div id=\"pgc-332-0-0\"  class=\"panel-grid-cell\" ><div id=\"panel-332-0-0-0\" class=\"so-panel widget widget_text panel-first-child panel-last-child\" data-index=\"0\" ><div class=\"panel-widget-style panel-widget-style-for-332-0-0-0\" >\t\t\t<div class=\"textwidget\"><h3>OUR CLIENTS<\/h3>\n<div id=\"u517-31\" class=\"body_copy clearfix grpelem\" data-muse-uid=\"U517\" data-muse-type=\"txt_frame\" data-ibe-flags=\"txtStyleSrc\">\n<p>With over 15 years of experience, we have had the opportunity to serve clients and markets in many diverse areas:<\/p>\n<ul id=\"u517-29\" class=\"list0 nls-None\">\n<li>Car industry<\/li>\n<li>Technology, cellular and landline phones<\/li>\n<li>Personal care<\/li>\n<li>Packaged food<\/li>\n<li>Fast food<\/li>\n<li>Household cleaning products<\/li>\n<li>Self-service and convenience stores<\/li>\n<li>Packed beverages<\/li>\n<li>Alcoholic beverages<\/li>\n<li>Beer<\/li>\n<li>Dairy products<\/li>\n<li>Financial and banking services<\/li>\n<li>Pharmaceutical industry and OTC products<\/li>\n<\/ul>\n<\/div>\n<div id=\"u553\" class=\"rounded-corners clearfix grpelem\">\n<div id=\"u557-13\" class=\"clearfix grpelem\" data-muse-uid=\"U557\" data-muse-type=\"txt_frame\" data-ibe-flags=\"txtStyleSrc\"><\/div>\n<\/div>\n<\/div>\n\t\t<\/div><\/div><\/div><div id=\"pgc-332-0-1\"  class=\"panel-grid-cell\" ><div id=\"panel-332-0-1-0\" class=\"so-panel widget widget_text panel-first-child\" data-index=\"1\" >\t\t\t<div class=\"textwidget\"><p>&nbsp;<\/p>\n<p>&nbsp;<\/p>\n<\/div>\n\t\t<\/div><div id=\"panel-332-0-1-1\" class=\"so-panel widget widget_text\" data-index=\"2\" >\t\t\t<div class=\"textwidget\"><p>&nbsp;<\/p>\n<p>&nbsp;<\/p>\n<\/div>\n\t\t<\/div><div id=\"panel-332-0-1-2\" class=\"so-panel widget widget_text panel-last-child\" data-index=\"3\" ><div class=\"panel-widget-style panel-widget-style-for-332-0-1-2\" >\t\t\t<div class=\"textwidget\"><p><strong>WE HAVE A BROAD PORTFOLIO OF LOCAL AND INTERNATIONAL CLIENTS<\/strong><\/p>\n<ul>\n<li>Very high client loyalty scores<\/li>\n<li>Over 90% of our clients request projects again.<\/li>\n<\/ul>\n<div id=\"u553\" class=\"rounded-corners clearfix grpelem\">\n<div id=\"u557-13\" class=\"clearfix grpelem\" data-muse-uid=\"U557\" data-muse-type=\"txt_frame\" data-ibe-flags=\"txtStyleSrc\"><\/div>\n<\/div>\n<\/div>\n\t\t<\/div><\/div><\/div><\/div><\/div><\/div>","protected":false},"excerpt":{"rendered":"<p>NUESTROS CLIENTES Con m\u00e1s de dos d\u00e9cadas de experiencia hemos tenido la oportunidad de servir a clientes y mercados en una enorme diversidad de \u00e1reas: Industria automotr\u00edz Tecnolog\u00eda y telefon\u00eda celular y fija Aseo personal Comida empacada Comida r\u00e1pida Productos de limpieza para el hogar Tiendas de autoservicio y conveniencia Bebidas empacadas Bebidas alcoh\u00f3licas Cerveza<\/p>\n<a href=\"https:\/\/analiticamkt.com\/en\/nuestros-clientes\/\" class=\"btn frontech-btn\"><span><\/span>Read More<\/a>","protected":false},"author":1,"featured_media":0,"parent":0,"menu_order":0,"comment_status":"closed","ping_status":"closed","template":"page-fullwidth.php","meta":{"ngg_post_thumbnail":0,"footnotes":""},"class_list":["post-332","page","type-page","status-publish","hentry"],"_links":{"self":[{"href":"https:\/\/analiticamkt.com\/en\/wp-json\/wp\/v2\/pages\/332","targetHints":{"allow":["GET"]}}],"collection":[{"href":"https:\/\/analiticamkt.com\/en\/wp-json\/wp\/v2\/pages"}],"about":[{"href":"https:\/\/analiticamkt.com\/en\/wp-json\/wp\/v2\/types\/page"}],"author":[{"embeddable":true,"href":"https:\/\/analiticamkt.com\/en\/wp-json\/wp\/v2\/users\/1"}],"replies":[{"embeddable":true,"href":"https:\/\/analiticamkt.com\/en\/wp-json\/wp\/v2\/comments?post=332"}],"version-history":[{"count":39,"href":"https:\/\/analiticamkt.com\/en\/wp-json\/wp\/v2\/pages\/332\/revisions"}],"predecessor-version":[{"id":778,"href":"https:\/\/analiticamkt.com\/en\/wp-json\/wp\/v2\/pages\/332\/revisions\/778"}],"wp:attachment":[{"href":"https:\/\/analiticamkt.com\/en\/wp-json\/wp\/v2\/media?parent=332"}],"curies":[{"name":"wp","href":"https:\/\/api.w.org\/{rel}","templated":true}]}}