{"id":319,"date":"2021-07-14T23:46:55","date_gmt":"2021-07-14T23:46:55","guid":{"rendered":"https:\/\/analiticamkt.com\/?page_id=319"},"modified":"2021-08-25T21:56:48","modified_gmt":"2021-08-25T21:56:48","slug":"estudios-cualitativos","status":"publish","type":"page","link":"https:\/\/analiticamkt.com\/en\/estudios-cualitativos\/","title":{"rendered":"QUALITATIVE STUDIES"},"content":{"rendered":"<div id=\"pl-319\"  class=\"panel-layout\" ><div id=\"pg-319-0\"  class=\"panel-grid panel-has-style\" ><div class=\"siteorigin-panels-stretch panel-row-style panel-row-style-for-319-0\" data-stretch-type=\"full\" ><div id=\"pgc-319-0-0\"  class=\"panel-grid-cell\" ><div id=\"panel-319-0-0-0\" class=\"so-panel widget widget_text panel-first-child\" data-index=\"0\" ><div class=\"panel-widget-style panel-widget-style-for-319-0-0-0\" >\t\t\t<div class=\"textwidget\"><h3>TYPES OF QUALITATIVE STUDIES<\/h3>\n<p>Partial or total implementation of qualitative studies (focus groups, in-depth interviews, etc.)<\/p>\n<p>Partial or total coordination of qualitative studies in Central and South America.<\/p>\n<p>&nbsp;<\/p>\n<\/div>\n\t\t<\/div><\/div><div id=\"panel-319-0-0-1\" class=\"so-panel widget widget_text\" data-index=\"1\" ><div class=\"panel-widget-style panel-widget-style-for-319-0-0-1\" >\t\t\t<div class=\"textwidget\"><p><strong>Some of the qualitative studies we offer (IN PERSON AND ONLINE):<\/strong><\/p>\n<ul>\n<li>Focus groups<\/li>\n<li>In-depth interviews.<\/li>\n<li>Observational studies (anthropological).<\/li>\n<li>Eye-Tracker. Attention of consumer to the product desired.<\/li>\n<\/ul>\n<\/div>\n\t\t<\/div><\/div><div id=\"panel-319-0-0-2\" class=\"so-panel widget widget_media_image panel-last-child\" data-index=\"2\" ><img loading=\"lazy\" decoding=\"async\" width=\"480\" height=\"319\" src=\"https:\/\/analiticamkt.com\/wp-content\/uploads\/2021\/07\/dsc_0072.jpg\" class=\"image wp-image-109  attachment-full size-full\" alt=\"\" style=\"max-width: 100%; height: auto;\" srcset=\"https:\/\/analiticamkt.com\/wp-content\/uploads\/2021\/07\/dsc_0072.jpg 480w, https:\/\/analiticamkt.com\/wp-content\/uploads\/2021\/07\/dsc_0072-300x199.jpg 300w, https:\/\/analiticamkt.com\/wp-content\/uploads\/2021\/07\/dsc_0072-90x60.jpg 90w\" sizes=\"auto, (max-width: 480px) 100vw, 480px\" \/><\/div><\/div><div id=\"pgc-319-0-1\"  class=\"panel-grid-cell\" ><div id=\"panel-319-0-1-0\" class=\"so-panel widget widget_media_image panel-first-child\" data-index=\"3\" ><img loading=\"lazy\" decoding=\"async\" width=\"480\" height=\"320\" src=\"https:\/\/analiticamkt.com\/wp-content\/uploads\/2021\/07\/img_8292.jpg\" class=\"image wp-image-135  attachment-full size-full\" alt=\"\" style=\"max-width: 100%; height: auto;\" srcset=\"https:\/\/analiticamkt.com\/wp-content\/uploads\/2021\/07\/img_8292.jpg 480w, https:\/\/analiticamkt.com\/wp-content\/uploads\/2021\/07\/img_8292-300x200.jpg 300w, https:\/\/analiticamkt.com\/wp-content\/uploads\/2021\/07\/img_8292-90x60.jpg 90w\" sizes=\"auto, (max-width: 480px) 100vw, 480px\" \/><\/div><div id=\"panel-319-0-1-1\" class=\"so-panel widget widget_text panel-last-child\" data-index=\"4\" ><div class=\"panel-widget-style panel-widget-style-for-319-0-1-1\" >\t\t\t<div class=\"textwidget\"><p><strong>Advantages of qualitative studies:<\/strong><\/p>\n<ol>\n<li>Complete flexibility in the discussion guideline application.<\/li>\n<li>Full interaction between moderator and participant.<\/li>\n<li>It uses more flexible and dynamic moderator-respondent interaction techniques, enabling better understanding of participants\u2019 motives and perceptions.<\/li>\n<li>It adds the non-verbal behavioral dimension to the consumer understanding.<\/li>\n<\/ol>\n<\/div>\n\t\t<\/div><\/div><\/div><\/div><\/div><\/div>","protected":false},"excerpt":{"rendered":"<p>TIPOS DE ESTUDIOS CUALITATIVOS Implementaci\u00f3n parcial o total de estudios cualitativos (sesiones de grupo, entrevistas a profundidad, etc.). Coordinaci\u00f3n parcial o total de estudios cualitativos en Centro y Sudam\u00e9rica. &nbsp; Algunos estudios cualitativos que ofrecemos (PRESENCIALES Y ONLINE): Sesiones de grupo (grupos focales). Entrevistas a profundidad. Estudios observacionales (antropol\u00f3gicos). Eye-tracker. Atenci\u00f3n del consumidor al producto<\/p>\n<a href=\"https:\/\/analiticamkt.com\/en\/estudios-cualitativos\/\" class=\"btn frontech-btn\"><span><\/span>Read More<\/a>","protected":false},"author":1,"featured_media":0,"parent":0,"menu_order":0,"comment_status":"closed","ping_status":"closed","template":"page-fullwidth.php","meta":{"ngg_post_thumbnail":0,"footnotes":""},"class_list":["post-319","page","type-page","status-publish","hentry"],"_links":{"self":[{"href":"https:\/\/analiticamkt.com\/en\/wp-json\/wp\/v2\/pages\/319","targetHints":{"allow":["GET"]}}],"collection":[{"href":"https:\/\/analiticamkt.com\/en\/wp-json\/wp\/v2\/pages"}],"about":[{"href":"https:\/\/analiticamkt.com\/en\/wp-json\/wp\/v2\/types\/page"}],"author":[{"embeddable":true,"href":"https:\/\/analiticamkt.com\/en\/wp-json\/wp\/v2\/users\/1"}],"replies":[{"embeddable":true,"href":"https:\/\/analiticamkt.com\/en\/wp-json\/wp\/v2\/comments?post=319"}],"version-history":[{"count":18,"href":"https:\/\/analiticamkt.com\/en\/wp-json\/wp\/v2\/pages\/319\/revisions"}],"predecessor-version":[{"id":776,"href":"https:\/\/analiticamkt.com\/en\/wp-json\/wp\/v2\/pages\/319\/revisions\/776"}],"wp:attachment":[{"href":"https:\/\/analiticamkt.com\/en\/wp-json\/wp\/v2\/media?parent=319"}],"curies":[{"name":"wp","href":"https:\/\/api.w.org\/{rel}","templated":true}]}}