{"id":264,"date":"2021-07-14T18:08:17","date_gmt":"2021-07-14T18:08:17","guid":{"rendered":"https:\/\/analiticamkt.com\/?page_id=264"},"modified":"2021-08-25T21:53:57","modified_gmt":"2021-08-25T21:53:57","slug":"estudios-cuantitativos","status":"publish","type":"page","link":"https:\/\/analiticamkt.com\/en\/estudios-cuantitativos\/","title":{"rendered":"QUANTITATIVE STUDIES"},"content":{"rendered":"<div id=\"pl-264\"  class=\"panel-layout\" ><div id=\"pg-264-0\"  class=\"panel-grid panel-has-style\" ><div class=\"panel-row-style panel-row-style-for-264-0\" ><div id=\"pgc-264-0-0\"  class=\"panel-grid-cell\" ><div id=\"panel-264-0-0-0\" class=\"so-panel widget widget_text panel-first-child\" data-index=\"0\" ><div class=\"panel-widget-style panel-widget-style-for-264-0-0-0\" >\t\t\t<div class=\"textwidget\"><h3>TYPES OF QUANTITATIVE STUDIES<\/h3>\n<p>Analitica has the technical expertise, infrastructure and competent operating team to conduct qualitative and \/or quantitative studies.<\/p>\n<\/div>\n\t\t<\/div><\/div><div id=\"panel-264-0-0-1\" class=\"so-panel widget widget_text panel-last-child\" data-index=\"1\" ><div class=\"panel-widget-style panel-widget-style-for-264-0-0-1\" >\t\t\t<div class=\"textwidget\"><p><strong>Some of the quantitative studies we offer:<\/strong><\/p>\n<ul>\n<li>Product tests \/ New formulation tests<\/li>\n<li>U &amp; A (Usage and Attitudes)<\/li>\n<li>Advertising pre-test of finished and unfinished commercials (animatics, photomatics).<\/li>\n<li>Multimedia advertising test.<\/li>\n<li>Segmentation and lifestyle &amp;  consumption studies.<\/li>\n<\/ul>\n<\/div>\n\t\t<\/div><\/div><\/div><div id=\"pgc-264-0-1\"  class=\"panel-grid-cell\" ><div id=\"panel-264-0-1-0\" class=\"so-panel widget widget_media_image panel-first-child\" data-index=\"2\" ><img loading=\"lazy\" decoding=\"async\" width=\"835\" height=\"753\" src=\"https:\/\/analiticamkt.com\/wp-content\/uploads\/2021\/08\/IMG_5098-min-scaled-e1628793372489-1024x923.jpg\" class=\"image wp-image-612  attachment-large size-large\" alt=\"\" style=\"max-width: 100%; height: auto;\" srcset=\"https:\/\/analiticamkt.com\/wp-content\/uploads\/2021\/08\/IMG_5098-min-scaled-e1628793372489-1024x923.jpg 1024w, https:\/\/analiticamkt.com\/wp-content\/uploads\/2021\/08\/IMG_5098-min-scaled-e1628793372489-300x270.jpg 300w, https:\/\/analiticamkt.com\/wp-content\/uploads\/2021\/08\/IMG_5098-min-scaled-e1628793372489-768x692.jpg 768w, https:\/\/analiticamkt.com\/wp-content\/uploads\/2021\/08\/IMG_5098-min-scaled-e1628793372489-1536x1384.jpg 1536w, https:\/\/analiticamkt.com\/wp-content\/uploads\/2021\/08\/IMG_5098-min-scaled-e1628793372489.jpg 1753w\" sizes=\"auto, (max-width: 835px) 100vw, 835px\" \/><\/div><div id=\"panel-264-0-1-1\" class=\"so-panel widget widget_text panel-last-child\" data-index=\"3\" ><div class=\"panel-widget-style panel-widget-style-for-264-0-1-1\" >\t\t\t<div class=\"textwidget\"><p><strong>Advantages of quantitative studies:<\/strong><\/p>\n<ol>\n<li>Generality of results based on representative samples.<\/li>\n<li>Application of strict statistical methods to determine differences among the groups surveyed.<\/li>\n<li>Identification of sub-groups of consumers better suited to the product or brand tested.<\/li>\n<\/ol>\n<\/div>\n\t\t<\/div><\/div><\/div><\/div><\/div><div id=\"pg-264-1\"  class=\"panel-grid panel-has-style\" ><div class=\"panel-row-style panel-row-style-for-264-1\" ><div id=\"pgc-264-1-0\"  class=\"panel-grid-cell\" ><div id=\"panel-264-1-0-0\" class=\"so-panel widget widget_text panel-first-child\" data-index=\"4\" ><div class=\"panel-widget-style panel-widget-style-for-264-1-0-0\" >\t\t\t<div class=\"textwidget\"><h3>CLT FIELDWORK<\/h3>\n<ul>\n<li>Fieldwork performed in rooms adapted to the needs of the product or service tested.<\/li>\n<li>Respondents are properly screened based on the demographic and consumption characteristics required by the study.<\/li>\n<li>Self-administered questionnaires under direct supervision by our staff.<\/li>\n<li>Swift implementation of CAPI (and\/or online) interviewing network anywhere in the Mexican Republic.<\/li>\n<\/ul>\n<\/div>\n\t\t<\/div><\/div><div id=\"panel-264-1-0-1\" class=\"so-panel widget widget_media_image panel-last-child\" data-index=\"5\" ><img loading=\"lazy\" decoding=\"async\" width=\"835\" height=\"626\" src=\"https:\/\/analiticamkt.com\/wp-content\/uploads\/2021\/08\/Imagen2-1024x768.jpg\" class=\"image wp-image-636  attachment-large size-large\" alt=\"CLT\" style=\"max-width: 100%; height: auto;\" srcset=\"https:\/\/analiticamkt.com\/wp-content\/uploads\/2021\/08\/Imagen2-1024x768.jpg 1024w, https:\/\/analiticamkt.com\/wp-content\/uploads\/2021\/08\/Imagen2-300x225.jpg 300w, https:\/\/analiticamkt.com\/wp-content\/uploads\/2021\/08\/Imagen2-768x576.jpg 768w, https:\/\/analiticamkt.com\/wp-content\/uploads\/2021\/08\/Imagen2-1536x1152.jpg 1536w, https:\/\/analiticamkt.com\/wp-content\/uploads\/2021\/08\/Imagen2-2048x1536.jpg 2048w\" sizes=\"auto, (max-width: 835px) 100vw, 835px\" \/><\/div><\/div><div id=\"pgc-264-1-1\"  class=\"panel-grid-cell\" ><div id=\"panel-264-1-1-0\" class=\"so-panel widget widget_media_image panel-first-child\" data-index=\"6\" ><img loading=\"lazy\" decoding=\"async\" width=\"535\" height=\"501\" src=\"https:\/\/analiticamkt.com\/wp-content\/uploads\/2021\/08\/CDTG0275-1-e1628793241231.jpg\" class=\"image wp-image-605  attachment-full size-full\" alt=\"\" style=\"max-width: 100%; height: auto;\" srcset=\"https:\/\/analiticamkt.com\/wp-content\/uploads\/2021\/08\/CDTG0275-1-e1628793241231.jpg 535w, https:\/\/analiticamkt.com\/wp-content\/uploads\/2021\/08\/CDTG0275-1-e1628793241231-300x281.jpg 300w\" sizes=\"auto, (max-width: 535px) 100vw, 535px\" \/><\/div><div id=\"panel-264-1-1-1\" class=\"so-panel widget widget_text panel-last-child\" data-index=\"7\" ><div class=\"panel-widget-style panel-widget-style-for-264-1-1-1\" >\t\t\t<div class=\"textwidget\"><p><strong>Advantages for the client:<\/strong><\/p>\n<ul>\n<li>Reduction of data entry mistakes.<\/li>\n<li>Faster data processing.<\/li>\n<li>Privacy and more honesty in participants\u2019 responses.<\/li>\n<li>Reduction of reading errors, skip errors and bias caused by interviewers\u2019 behavior.<\/li>\n<\/ul>\n<\/div>\n\t\t<\/div><\/div><\/div><\/div><\/div><div id=\"pg-264-2\"  class=\"panel-grid panel-has-style\" ><div class=\"panel-row-style panel-row-style-for-264-2\" ><div id=\"pgc-264-2-0\"  class=\"panel-grid-cell\" ><div id=\"panel-264-2-0-0\" class=\"so-panel widget widget_text panel-first-child\" data-index=\"8\" ><div class=\"panel-widget-style panel-widget-style-for-264-2-0-0\" >\t\t\t<div class=\"textwidget\"><h3>STREET FIELDWORK<\/h3>\n<ul>\n<li>Extensive work team to ensure the orderly, reliable, truthful, and timely information collection<\/li>\n<li>Large team of interviewers, supervisors and fieldwork coordinators. \nCapacity to coordinate large-sample studies.<\/li>\n<li>Capacity to coordinate large-sample studies.<\/li>\n<li>Logistic and technical capacity for the controlled management of end-to-end studies.<\/li>\n<li>Own and exclusive interviewing, supervision and coordination teams.<\/li>\n<li>Guaranteed sample dispersion.<\/li>\n<li>Own and exclusive field supervision in the entire Mexican Republic.<\/li>\n<\/ul>\n<\/div>\n\t\t<\/div><\/div><div id=\"panel-264-2-0-1\" class=\"so-panel widget widget_text panel-last-child\" data-index=\"9\" ><div class=\"panel-widget-style panel-widget-style-for-264-2-0-1\" >\t\t\t<div class=\"textwidget\"><p><strong>Advantages for the client:<\/strong><\/p>\n<ul>\n<li>Accurate and reliable information.<\/li>\n<li>Fast and expeditious field surveys.<\/li>\n<li>Versatility to manage studies of different complexity levels.<\/li>\n<li>Total control of the process = Greater Quality.<\/li>\n<\/ul>\n<\/div>\n\t\t<\/div><\/div><\/div><div id=\"pgc-264-2-1\"  class=\"panel-grid-cell\" ><div id=\"panel-264-2-1-0\" class=\"so-panel widget widget_media_image panel-first-child panel-last-child\" data-index=\"10\" ><img loading=\"lazy\" decoding=\"async\" width=\"423\" height=\"494\" src=\"https:\/\/analiticamkt.com\/wp-content\/uploads\/2021\/07\/calle.png\" class=\"image wp-image-98  attachment-full size-full\" alt=\"\" style=\"max-width: 100%; height: auto;\" srcset=\"https:\/\/analiticamkt.com\/wp-content\/uploads\/2021\/07\/calle.png 423w, https:\/\/analiticamkt.com\/wp-content\/uploads\/2021\/07\/calle-257x300.png 257w\" sizes=\"auto, (max-width: 423px) 100vw, 423px\" \/><\/div><\/div><\/div><\/div><\/div>","protected":false},"excerpt":{"rendered":"<p>TIPOS DE ESTUDIOS CUANTITATIVOS Anal\u00edtica cuenta con la experiencia t\u00e9cnica, infraestructura y equipo operativo competente capaz de llevar a cabo estudios cualitativos y\/o cuantitativos. Algunos estudios cuantitativos que ofrecemos: Pruebas de producto \/ formulaciones nuevas. Encuestas de H\u00e1bitos de Uso. Pre-test de comerciales terminados y no terminados (animatics, fotomatics). Evaluaci\u00f3n multimedia publicitaria. Segmentaci\u00f3n y estudios<\/p>\n<a href=\"https:\/\/analiticamkt.com\/en\/estudios-cuantitativos\/\" class=\"btn frontech-btn\"><span><\/span>Read More<\/a>","protected":false},"author":1,"featured_media":0,"parent":0,"menu_order":0,"comment_status":"closed","ping_status":"closed","template":"page-fullwidth.php","meta":{"ngg_post_thumbnail":0,"footnotes":""},"class_list":["post-264","page","type-page","status-publish","hentry"],"_links":{"self":[{"href":"https:\/\/analiticamkt.com\/en\/wp-json\/wp\/v2\/pages\/264","targetHints":{"allow":["GET"]}}],"collection":[{"href":"https:\/\/analiticamkt.com\/en\/wp-json\/wp\/v2\/pages"}],"about":[{"href":"https:\/\/analiticamkt.com\/en\/wp-json\/wp\/v2\/types\/page"}],"author":[{"embeddable":true,"href":"https:\/\/analiticamkt.com\/en\/wp-json\/wp\/v2\/users\/1"}],"replies":[{"embeddable":true,"href":"https:\/\/analiticamkt.com\/en\/wp-json\/wp\/v2\/comments?post=264"}],"version-history":[{"count":18,"href":"https:\/\/analiticamkt.com\/en\/wp-json\/wp\/v2\/pages\/264\/revisions"}],"predecessor-version":[{"id":775,"href":"https:\/\/analiticamkt.com\/en\/wp-json\/wp\/v2\/pages\/264\/revisions\/775"}],"wp:attachment":[{"href":"https:\/\/analiticamkt.com\/en\/wp-json\/wp\/v2\/media?parent=264"}],"curies":[{"name":"wp","href":"https:\/\/api.w.org\/{rel}","templated":true}]}}