{"id":199,"date":"2021-07-08T17:40:19","date_gmt":"2021-07-08T17:40:19","guid":{"rendered":"https:\/\/analiticamkt.com\/?page_id=199"},"modified":"2021-08-12T23:45:32","modified_gmt":"2021-08-12T23:45:32","slug":"recoleccion-de-datos","status":"publish","type":"page","link":"https:\/\/analiticamkt.com\/en\/recoleccion-de-datos\/","title":{"rendered":"Data collection"},"content":{"rendered":"<div id=\"pl-199\"  class=\"panel-layout\" ><div id=\"pg-199-0\"  class=\"panel-grid panel-has-style\" ><div class=\"panel-row-style panel-row-style-for-199-0\" ><div id=\"pgc-199-0-0\"  class=\"panel-grid-cell\" ><div id=\"panel-199-0-0-0\" class=\"so-panel widget widget_text panel-first-child\" data-index=\"0\" ><div class=\"panel-widget-style panel-widget-style-for-199-0-0-0\" >\t\t\t<div class=\"textwidget\"><h3>Anal\u00edtica has an extensive portfolio of data-collection methods.<\/h3>\n<p><strong>We have a large work team to ensure the orderly, reliable, accurate, and timely gathering of information.<\/strong><\/p>\n<\/div>\n\t\t<\/div><\/div><div id=\"panel-199-0-0-1\" class=\"so-panel widget widget_text\" data-index=\"1\" ><div class=\"panel-widget-style panel-widget-style-for-199-0-0-1\" >\t\t\t<div class=\"textwidget\"><ul>\n<li>In-home face-to-face interviews<\/li>\n<li>Computer-assisted interviews (CAPI) in Central Location sites.<\/li>\n<li>In-depth interviews.<\/li>\n<li>Capacity to contact consumers of particular or low-penetration profiles.<\/li>\n<li>Nationwide fieldwork team.<\/li>\n<li>Coordination of local and international studies (Central and South America)<\/li>\n<li>Phone interviews<\/li>\n<li>Online interviews<\/li>\n<li>Extensive team of interviewers, supervisors, and field coordinators.<\/li>\n<li>Capacity to coordinate large-sample studies.<\/li>\n<li>Logistic and technical capacity to control studies from beginning to end.<\/li>\n<\/ul>\n<\/div>\n\t\t<\/div><\/div><div id=\"panel-199-0-0-2\" class=\"so-panel widget widget_rbs_widget panel-last-child\" data-index=\"2\" ><style type=\"text\/css\" scoped>.rbs_gallery_69d117531eb97Spinner{\r\n\t\t\t\tmargin: 50px auto;\r\n\t\t\t\twidth: 50px;\r\n\t\t\t\theight: 40px;\r\n\t\t\t\ttext-align: center;\r\n\t\t\t\tfont-size: 10px;\r\n\t\t\t}\r\n\t\t\t.rbs_gallery_69d117531eb97Spinner > div{\r\n\t\t\t  background-color: #333;\r\n\t\t\t  height: 100%;\r\n\t\t\t  width: 6px;\r\n\t\t\t  display: inline-block;\r\n\t\t\t  -webkit-animation: rbs_gallery_69d117531eb97-stretchdelay 1.2s infinite ease-in-out;\r\n\t\t\t  animation: rbs_gallery_69d117531eb97-stretchdelay 1.2s infinite ease-in-out;\r\n\t\t\t}\r\n\t\t\t.rbs_gallery_69d117531eb97Spinner .rbs_gallery_69d117531eb97Rect2 {\r\n\t\t\t  -webkit-animation-delay: -1.1s;\r\n\t\t\t  animation-delay: -1.1s;\r\n\t\t\t}\r\n\t\t\t.rbs_gallery_69d117531eb97Spinner .rbs_gallery_69d117531eb97Rect3 {\r\n\t\t\t  -webkit-animation-delay: -1.0s;\r\n\t\t\t  animation-delay: -1.0s;\r\n\t\t\t}\r\n\t\t\t.rbs_gallery_69d117531eb97Spinner .rbs_gallery_69d117531eb97Rect4 {\r\n\t\t\t  -webkit-animation-delay: -0.9s;\r\n\t\t\t  animation-delay: -0.9s;\r\n\t\t\t}\r\n\t\t\t.rbs_gallery_69d117531eb97Spinner .rbs_gallery_69d117531eb97Rect5 {\r\n\t\t\t  -webkit-animation-delay: -0.8s;\r\n\t\t\t  animation-delay: -0.8s;\r\n\t\t\t}\r\n\t\t\t@-webkit-keyframes rbs_gallery_69d117531eb97-stretchdelay {\r\n\t\t\t  0%, 40%, 100% { -webkit-transform: scaleY(0.4) }  \r\n\t\t\t  20% { -webkit-transform: scaleY(1.0) }\r\n\t\t\t}\r\n\t\t\t@keyframes rbs_gallery_69d117531eb97-stretchdelay {\r\n\t\t\t  0%, 40%, 100% { \r\n\t\t\t    transform: scaleY(0.4);\r\n\t\t\t    -webkit-transform: scaleY(0.4);\r\n\t\t\t  }  20% { \r\n\t\t\t    transform: scaleY(1.0);\r\n\t\t\t    -webkit-transform: scaleY(1.0);\r\n\t\t\t  }\r\n\t\t\t}\r\n\t\t<\/style><div id=\"robo-gallery-slider-wraprbs_gallery_69d117531eb97\" class=\"robo-gallery-slider-wrap robo-gallery-slider-wrap-id638 robo-gallery-slider\"><div id=\"rbs_gallery_69d117531eb97-block-loader\" class=\"rbs_gallery_69d117531eb97Spinner\"><div class=\"rbs_gallery_69d117531eb97Rect1\"><\/div> <div class=\"rbs_gallery_69d117531eb97Rect2\"><\/div> <div class=\"rbs_gallery_69d117531eb97Rect3\"><\/div> <div class=\"rbs_gallery_69d117531eb97Rect4\"><\/div> <div class=\"rbs_gallery_69d117531eb97Rect5\"><\/div><\/div><div id=\"robo-gallery-slider-block-rbs_gallery_69d117531eb97\"  data-options=\"rbs_gallery_69d117531eb97\" \r\n\t\t\t\t\tclass=\"swiper-container robo-gallery-slider-container robo-gallery-slider-638\" \r\n\t\t\t\t\tstyle=\"width:400px;height:400px;  display: none;\"\r\n\t\t\t\t\t\r\n\t\t\t\t><div id=\"rbs_gallery_69d117531eb97\" class=\"swiper-wrapper robo-slider-gallery\"><div class=\"swiper-slide\" \r\n \t\t\t\t\tstyle=\"background-image:url('https:\/\/analiticamkt.com\/wp-content\/uploads\/2021\/08\/IMG_5092-min-scaled.jpg');\" ><\/div><div class=\"swiper-slide\" \r\n \t\t\t\t\tstyle=\"background-image:url('https:\/\/analiticamkt.com\/wp-content\/uploads\/2021\/07\/cae-foto.png');\" ><\/div><div class=\"swiper-slide\" \r\n \t\t\t\t\tstyle=\"background-image:url('https:\/\/analiticamkt.com\/wp-content\/uploads\/2021\/08\/IMG_5170-min-scaled-e1628793300177.jpg');\" ><\/div><div class=\"swiper-slide\" \r\n \t\t\t\t\tstyle=\"background-image:url('https:\/\/analiticamkt.com\/wp-content\/uploads\/2021\/07\/dsc_0067.jpg');\" ><\/div><div class=\"swiper-slide\" \r\n \t\t\t\t\tstyle=\"background-image:url('https:\/\/analiticamkt.com\/wp-content\/uploads\/2021\/08\/i4.jpg');\" ><\/div><\/div><div class=\"swiper-button-prev\"><\/div><div class=\"swiper-button-next\"><\/div><div class=\"swiper-pagination\"><\/div><\/div><\/div><script>var rbs_gallery_69d117531eb97 = {\"version\":\"3.2.16\",\"id\":638,\"class\":\"id638\",\"roboGalleryDelay\":1000,\"mainContainer\":\"#robo_gallery_main_block_rbs_gallery_69d117531eb97\",\"loadingContainer\":\"#rbs_gallery_69d117531eb97-block-loader\",\"loadingContainerObj\":\"rbs_gallery_69d117531eb97-block-loader\",\"loop\":true,\"centeredSlides\":true,\"autoplay\":{\"delay\":5000,\"disableOnInteraction\":false},\"preloadImages\":true,\"updateOnImagesReady\":true,\"effect\":\"slide\",\"direction\":\"horizontal\",\"navigation\":{\"nextEl\":\".swiper-button-next\",\"prevEl\":\".swiper-button-prev\"},\"pagination\":{\"el\":\".swiper-pagination\",\"type\":\"bullets\",\"clickable\":true,\"dynamicBullets\":true},\"wrapContainer\":\"#robo-gallery-wrap-rbs_gallery_69d117531eb97\"};<\/script><\/div><\/div><\/div><\/div><div id=\"pg-199-1\"  class=\"panel-grid panel-has-style\" ><div class=\"panel-row-style panel-row-style-for-199-1\" ><div id=\"pgc-199-1-0\"  class=\"panel-grid-cell\" ><div id=\"panel-199-1-0-0\" class=\"so-panel widget widget_sow-button panel-first-child panel-last-child\" data-index=\"3\" ><div\n\t\t\t\n\t\t\tclass=\"so-widget-sow-button so-widget-sow-button-atom-6c04ade069cc-199\"\n\t\t\t\n\t\t><div class=\"ow-button-base ow-button-align-center\">\n\t<a\n\thref=\"https:\/\/analiticamkt.com\/en\/estudios-cuantitativos\/\"\n\t\tclass=\"ow-icon-placement-left ow-button-hover\" target=\"_blank\" rel=\"noopener noreferrer\" \t>\n\t\t<span>\n\t\t\t<span class=\"sow-icon-fontawesome sow-far\" data-sow-icon=\"&#xf044;\"\n\t\tstyle=\"color: #ffffff\" \n\t\taria-hidden=\"true\"><\/span>\n\t\t\tQUANTITATIVE STUDIES\t\t<\/span>\n\t<\/a>\n<\/div>\n<\/div><\/div><\/div><div id=\"pgc-199-1-1\"  class=\"panel-grid-cell\" ><div id=\"panel-199-1-1-0\" class=\"so-panel widget widget_sow-button panel-first-child panel-last-child\" data-index=\"4\" ><div\n\t\t\t\n\t\t\tclass=\"so-widget-sow-button so-widget-sow-button-atom-adaf0b84894f-199\"\n\t\t\t\n\t\t><div class=\"ow-button-base ow-button-align-center\">\n\t<a\n\thref=\"https:\/\/analiticamkt.com\/en\/estudios-cualitativos\/\"\n\t\tclass=\"ow-icon-placement-left ow-button-hover\" target=\"_blank\" rel=\"noopener noreferrer\" \t>\n\t\t<span>\n\t\t\t<span class=\"sow-icon-fontawesome sow-far\" data-sow-icon=\"&#xf044;\"\n\t\tstyle=\"color: #ffffff\" \n\t\taria-hidden=\"true\"><\/span>\n\t\t\tQUALITATIVE STUDIES\t\t<\/span>\n\t<\/a>\n<\/div>\n<\/div><\/div><\/div><\/div><\/div><\/div>","protected":false},"excerpt":{"rendered":"<p>Anal\u00edtica cuenta con un extenso\u00a0 portafolio de m\u00e9todos de recolecci\u00f3n de datos. Contamos con un amplio equipo de trabajo local y for\u00e1neo que garantiza un levantamiento de informaci\u00f3n ordenado, confiable, veraz y puntual. Entrevistas cara a cara en hogares. Entrevistas por computadora (CAPI) en centros de afluencia. Entrevistas a profundidad. Capacidad para contactar consumidores de<\/p>\n<a href=\"https:\/\/analiticamkt.com\/en\/recoleccion-de-datos\/\" class=\"btn frontech-btn\"><span><\/span>Read More<\/a>","protected":false},"author":1,"featured_media":0,"parent":0,"menu_order":0,"comment_status":"closed","ping_status":"closed","template":"page-fullwidth.php","meta":{"ngg_post_thumbnail":0,"footnotes":""},"class_list":["post-199","page","type-page","status-publish","hentry"],"_links":{"self":[{"href":"https:\/\/analiticamkt.com\/en\/wp-json\/wp\/v2\/pages\/199","targetHints":{"allow":["GET"]}}],"collection":[{"href":"https:\/\/analiticamkt.com\/en\/wp-json\/wp\/v2\/pages"}],"about":[{"href":"https:\/\/analiticamkt.com\/en\/wp-json\/wp\/v2\/types\/page"}],"author":[{"embeddable":true,"href":"https:\/\/analiticamkt.com\/en\/wp-json\/wp\/v2\/users\/1"}],"replies":[{"embeddable":true,"href":"https:\/\/analiticamkt.com\/en\/wp-json\/wp\/v2\/comments?post=199"}],"version-history":[{"count":117,"href":"https:\/\/analiticamkt.com\/en\/wp-json\/wp\/v2\/pages\/199\/revisions"}],"predecessor-version":[{"id":664,"href":"https:\/\/analiticamkt.com\/en\/wp-json\/wp\/v2\/pages\/199\/revisions\/664"}],"wp:attachment":[{"href":"https:\/\/analiticamkt.com\/en\/wp-json\/wp\/v2\/media?parent=199"}],"curies":[{"name":"wp","href":"https:\/\/api.w.org\/{rel}","templated":true}]}}